{"id":3414,"date":"2021-09-02T02:52:42","date_gmt":"2021-09-02T02:52:42","guid":{"rendered":"https:\/\/www.maidaoglass.com\/?post_type=product&#038;p=3414"},"modified":"2021-09-02T02:52:42","modified_gmt":"2021-09-02T02:52:42","slug":"tarro-de-mermelada-de-cristal-con-tapa-de-plastico","status":"publish","type":"product","link":"https:\/\/www.maidaoglass.com\/es\/vidrio\/tarro-de-mermelada-de-cristal-con-tapa-de-plastico\/","title":{"rendered":"Tarro de mermelada de cristal con tapa de pl\u00e1stico"},"content":{"rendered":"<p>Bonitos, cl\u00e1sicos y organizados, es la combinaci\u00f3n perfecta, estos bonitos y modernos botes de cristal con tapas de rosca de madera son perfectos para su cocina de estilo r\u00fastico o moderno. 26 capacidades (entre 30 ml y 1000 ml) para m\u00faltiples usos.<\/p>\n<table width=\"0\">\n<tbody>\n<tr>\n<td>Capacidad<\/td>\n<td>26 capacidades<\/td>\n<\/tr>\n<tr>\n<td>Estilo botella<\/td>\n<td>Redondo<\/td>\n<\/tr>\n<tr>\n<td>Color<\/td>\n<td>Claro<\/td>\n<\/tr>\n<tr>\n<td>Material<\/td>\n<td>VASO DE SOSA-LIMA<\/td>\n<\/tr>\n<tr>\n<td>Aprobado por la FDA<\/td>\n<td>S\u00ed<\/td>\n<\/tr>\n<tr>\n<td>Estilo gorra<\/td>\n<td>Tapa de hojalata<\/td>\n<\/tr>\n<\/tbody>\n<\/table>\n<p>Tarro de mermelada de cristal con tapa de pl\u00e1stico<\/p>","protected":false},"excerpt":{"rendered":"<p>Calidad superior: fabricado con cristal de alta calidad.<\/p>\n<p>Tapa de pl\u00e1stico de rosca: El dise\u00f1o de tornillo hacer la tapa f\u00e1cil de cerrar y abrir .<\/p>\n<p>26 capacidades (entre 30 ml y 1000 ml) para m\u00faltiples usos.<\/p>","protected":false},"featured_media":3416,"comment_status":"open","ping_status":"closed","template":"","meta":{"_seopress_robots_primary_cat":"","_seopress_titles_title":"Glass Jam Jar With Plastic Lid - Maidao Glass","_seopress_titles_desc":"Glass Jam Jar With Plastic Lid, 26 capacities( betwwn 30ml and 1000ml) for multiple uses.","_seopress_robots_index":""},"product_brand":[],"product_cat":[33],"product_tag":[],"class_list":{"0":"post-3414","1":"product","2":"type-product","3":"status-publish","4":"has-post-thumbnail","6":"product_cat-glass-jam-jars","8":"first","9":"instock","10":"shipping-taxable","11":"product-type-simple"},"_links":{"self":[{"href":"https:\/\/www.maidaoglass.com\/es\/wp-json\/wp\/v2\/product\/3414","targetHints":{"allow":["GET"]}}],"collection":[{"href":"https:\/\/www.maidaoglass.com\/es\/wp-json\/wp\/v2\/product"}],"about":[{"href":"https:\/\/www.maidaoglass.com\/es\/wp-json\/wp\/v2\/types\/product"}],"replies":[{"embeddable":true,"href":"https:\/\/www.maidaoglass.com\/es\/wp-json\/wp\/v2\/comments?post=3414"}],"version-history":[{"count":0,"href":"https:\/\/www.maidaoglass.com\/es\/wp-json\/wp\/v2\/product\/3414\/revisions"}],"wp:featuredmedia":[{"embeddable":true,"href":"https:\/\/www.maidaoglass.com\/es\/wp-json\/wp\/v2\/media\/3416"}],"wp:attachment":[{"href":"https:\/\/www.maidaoglass.com\/es\/wp-json\/wp\/v2\/media?parent=3414"}],"wp:term":[{"taxonomy":"product_brand","embeddable":true,"href":"https:\/\/www.maidaoglass.com\/es\/wp-json\/wp\/v2\/product_brand?post=3414"},{"taxonomy":"product_cat","embeddable":true,"href":"https:\/\/www.maidaoglass.com\/es\/wp-json\/wp\/v2\/product_cat?post=3414"},{"taxonomy":"product_tag","embeddable":true,"href":"https:\/\/www.maidaoglass.com\/es\/wp-json\/wp\/v2\/product_tag?post=3414"}],"curies":[{"name":"wp","href":"https:\/\/api.w.org\/{rel}","templated":true}]}}