{"id":3438,"date":"2021-09-02T03:06:04","date_gmt":"2021-09-02T03:06:04","guid":{"rendered":"https:\/\/www.maidaoglass.com\/?post_type=product&#038;p=3438"},"modified":"2021-09-02T03:06:04","modified_gmt":"2021-09-02T03:06:04","slug":"tarro-redondo-de-cristal-serie-58-de-150-ml","status":"publish","type":"product","link":"https:\/\/www.maidaoglass.com\/es\/vidrio\/tarro-redondo-de-cristal-serie-58-de-150-ml\/","title":{"rendered":"Tarro redondo de cristal serie 58 de 150 ml"},"content":{"rendered":"<p>Los tarros de mermelada de vidrio de 150 ml (serie 58) son una opci\u00f3n de envasado polivalente. El perfil recto puede utilizarse en muchos sectores, como la alimentaci\u00f3n, la salud y la belleza, entre otros. Los tarros de lados rectos son compatibles con muchos cierres de metal y pl\u00e1stico.<\/p>\n<table width=\"0\">\n<tbody>\n<tr>\n<td>Capacidad<\/td>\n<td>150 ml<\/td>\n<\/tr>\n<tr>\n<td>Estilo botella<\/td>\n<td>Redondo<\/td>\n<\/tr>\n<tr>\n<td>Color<\/td>\n<td>Claro<\/td>\n<\/tr>\n<tr>\n<td>Material<\/td>\n<td>VASO DE SOSA-LIMA<\/td>\n<\/tr>\n<tr>\n<td>Aprobado por la FDA<\/td>\n<td>S\u00ed<\/td>\n<\/tr>\n<tr>\n<td>Estilo gorra<\/td>\n<td>Hojalata<\/td>\n<\/tr>\n<\/tbody>\n<\/table>","protected":false},"excerpt":{"rendered":"<p>150 ml Serie 58<\/p>\n<p>Opci\u00f3n de envasado multiuso.<\/p>\n<p>El perfil recto puede utilizarse en muchos sectores.<\/p>","protected":false},"featured_media":3440,"comment_status":"open","ping_status":"closed","template":"","meta":{"_seopress_robots_primary_cat":"","_seopress_titles_title":"150ml 58Series Round Glass Jar - Maidao Glass","_seopress_titles_desc":"150ml Glass Jam Jar(58series) are a multi-purpose packaging option, Straight sided jars are compatible with many metal and plastic closures. ","_seopress_robots_index":""},"product_brand":[],"product_cat":[33],"product_tag":[],"class_list":{"0":"post-3438","1":"product","2":"type-product","3":"status-publish","4":"has-post-thumbnail","6":"product_cat-glass-jam-jars","8":"first","9":"instock","10":"shipping-taxable","11":"product-type-simple"},"_links":{"self":[{"href":"https:\/\/www.maidaoglass.com\/es\/wp-json\/wp\/v2\/product\/3438","targetHints":{"allow":["GET"]}}],"collection":[{"href":"https:\/\/www.maidaoglass.com\/es\/wp-json\/wp\/v2\/product"}],"about":[{"href":"https:\/\/www.maidaoglass.com\/es\/wp-json\/wp\/v2\/types\/product"}],"replies":[{"embeddable":true,"href":"https:\/\/www.maidaoglass.com\/es\/wp-json\/wp\/v2\/comments?post=3438"}],"version-history":[{"count":0,"href":"https:\/\/www.maidaoglass.com\/es\/wp-json\/wp\/v2\/product\/3438\/revisions"}],"wp:featuredmedia":[{"embeddable":true,"href":"https:\/\/www.maidaoglass.com\/es\/wp-json\/wp\/v2\/media\/3440"}],"wp:attachment":[{"href":"https:\/\/www.maidaoglass.com\/es\/wp-json\/wp\/v2\/media?parent=3438"}],"wp:term":[{"taxonomy":"product_brand","embeddable":true,"href":"https:\/\/www.maidaoglass.com\/es\/wp-json\/wp\/v2\/product_brand?post=3438"},{"taxonomy":"product_cat","embeddable":true,"href":"https:\/\/www.maidaoglass.com\/es\/wp-json\/wp\/v2\/product_cat?post=3438"},{"taxonomy":"product_tag","embeddable":true,"href":"https:\/\/www.maidaoglass.com\/es\/wp-json\/wp\/v2\/product_tag?post=3438"}],"curies":[{"name":"wp","href":"https:\/\/api.w.org\/{rel}","templated":true}]}}