{"id":344,"date":"2021-02-21T10:03:23","date_gmt":"2021-02-21T10:03:23","guid":{"rendered":"https:\/\/www.maidaoglass.com\/product\/import-placeholder-for-1450\/"},"modified":"2021-07-05T02:31:56","modified_gmt":"2021-07-05T02:31:56","slug":"botella-de-cristal-de-vodka-oslo-de-375-ml","status":"publish","type":"product","link":"https:\/\/www.maidaoglass.com\/es\/vidrio\/botella-de-cristal-de-vodka-oslo-de-375-ml\/","title":{"rendered":"Botella de cristal de vodka OSLO de 375 ml"},"content":{"rendered":"<p>375ml de Botella de Vidrio de Vodka OSLO, la \"belleza natural\" de OSLO se basa en dos principios fundamentales: l\u00edneas limpias y proporciones elegantes. Aunque su silueta recuerda a los antiguos frascos de medicamentos de dispensario, su composici\u00f3n se ha reinterpretado con modernidad y sencillez: con una secci\u00f3n transversal redonda y un perfil parcialmente el\u00edptico y compacto, OSLO es sin duda uno de los envases m\u00e1s vers\u00e1tiles que existen y puede adaptarse a cualquier tipo de personalizaci\u00f3n.<\/p>\n<p>Esta gama est\u00e1 disponible en varias capacidades.<br \/>\n100 ml, 200 ml, 375 ml, 500 ml, 750 ml, 1000 ml<br \/>\nEsta gama est\u00e1 disponible en 2 bocas de estilo.<br \/>\nTornillo y corcho<\/p>\n<table id=\"product-attribute-specs-table\" class=\"data-table\">\n<tbody>\n<tr class=\"odd\">\n<th class=\"col label\" scope=\"row\">Capacidad<\/th>\n<td class=\"col data\" data-th=\"Capacity\">100 ml, 200 ml, 375 ml, 500 ml, 750 ml, 1000 ml<\/td>\n<\/tr>\n<tr class=\"even\">\n<th class=\"col label\" scope=\"row\">Estilo botella<\/th>\n<td class=\"col data\" data-th=\"Overflow Capacity\">Redondo, OSLO<\/td>\n<\/tr>\n<tr class=\"odd\">\n<th class=\"col label\" scope=\"row\">Color<\/th>\n<td class=\"col data\" data-th=\"Bottle Style\">Claro<\/td>\n<\/tr>\n<tr class=\"even\">\n<th class=\"col label\" scope=\"row\">Material<\/th>\n<td class=\"col data\" data-th=\"Color\">SUPER VIDRIO DE S\u00cdLEX<\/td>\n<\/tr>\n<tr class=\"odd\">\n<th class=\"col label\" scope=\"row\">Aprobado por la FDA<\/th>\n<td class=\"col data\" data-th=\"Material\">S\u00ed<\/td>\n<\/tr>\n<tr class=\"even\">\n<th class=\"col label\" scope=\"row\">Estilo gorra<\/th>\n<td class=\"col data\" data-th=\"FDA Approved\">CORCHO Y TORNILLO<\/td>\n<\/tr>\n<\/tbody>\n<\/table>","protected":false},"excerpt":{"rendered":"<p>Botella de cristal de 375 ml de Vodka OSLO<br \/>\nl\u00edneas limpias y proporciones elegantes.<br \/>\nde secci\u00f3n redonda y perfil parcialmente el\u00edptico y compacto<\/p>","protected":false},"featured_media":374,"comment_status":"open","ping_status":"closed","template":"","meta":{"_seopress_robots_primary_cat":"none","_seopress_titles_title":"375ml OSLO Vodka Glass Bottle  %%sep%% %%sitetitle%%","_seopress_titles_desc":"375ml OSLO Vodka Glass Bottle, clean lines and elegant proportions, with a round cross-section and a \r\n\r\npartially elliptical and compact profile.","_seopress_robots_index":""},"product_brand":[],"product_cat":[37],"product_tag":[],"class_list":{"0":"post-344","1":"product","2":"type-product","3":"status-publish","4":"has-post-thumbnail","6":"product_cat-vodka-bottle","8":"first","9":"instock","10":"shipping-taxable","11":"product-type-simple"},"_links":{"self":[{"href":"https:\/\/www.maidaoglass.com\/es\/wp-json\/wp\/v2\/product\/344","targetHints":{"allow":["GET"]}}],"collection":[{"href":"https:\/\/www.maidaoglass.com\/es\/wp-json\/wp\/v2\/product"}],"about":[{"href":"https:\/\/www.maidaoglass.com\/es\/wp-json\/wp\/v2\/types\/product"}],"replies":[{"embeddable":true,"href":"https:\/\/www.maidaoglass.com\/es\/wp-json\/wp\/v2\/comments?post=344"}],"version-history":[{"count":1,"href":"https:\/\/www.maidaoglass.com\/es\/wp-json\/wp\/v2\/product\/344\/revisions"}],"predecessor-version":[{"id":2973,"href":"https:\/\/www.maidaoglass.com\/es\/wp-json\/wp\/v2\/product\/344\/revisions\/2973"}],"wp:featuredmedia":[{"embeddable":true,"href":"https:\/\/www.maidaoglass.com\/es\/wp-json\/wp\/v2\/media\/374"}],"wp:attachment":[{"href":"https:\/\/www.maidaoglass.com\/es\/wp-json\/wp\/v2\/media?parent=344"}],"wp:term":[{"taxonomy":"product_brand","embeddable":true,"href":"https:\/\/www.maidaoglass.com\/es\/wp-json\/wp\/v2\/product_brand?post=344"},{"taxonomy":"product_cat","embeddable":true,"href":"https:\/\/www.maidaoglass.com\/es\/wp-json\/wp\/v2\/product_cat?post=344"},{"taxonomy":"product_tag","embeddable":true,"href":"https:\/\/www.maidaoglass.com\/es\/wp-json\/wp\/v2\/product_tag?post=344"}],"curies":[{"name":"wp","href":"https:\/\/api.w.org\/{rel}","templated":true}]}}