{"id":3480,"date":"2021-09-02T12:17:16","date_gmt":"2021-09-02T12:17:16","guid":{"rendered":"https:\/\/www.maidaoglass.com\/?post_type=product&#038;p=3480"},"modified":"2021-09-02T12:17:16","modified_gmt":"2021-09-02T12:17:16","slug":"botellas-de-cristal-para-salsas-sin-cuello-anular","status":"publish","type":"product","link":"https:\/\/www.maidaoglass.com\/es\/vidrio\/botellas-de-cristal-para-salsas-sin-cuello-anular\/","title":{"rendered":"Frascos de vidrio para salsas sin cuello anular"},"content":{"rendered":"<p>Estas botellas para salsas animar\u00e1n cualquier restaurante, cocina o barbacoa con un estilo cl\u00e1sico y una calidad que todo chef sabr\u00e1 apreciar. Perfectas para salsas, adobos, ali\u00f1os para ensaladas o aceites. Acabado con cuello de leng\u00fceta.<\/p>\n<table width=\"0\">\n<tbody>\n<tr>\n<td>Capacidad<\/td>\n<td>8oz, 12oz<\/td>\n<\/tr>\n<tr>\n<td>Estilo botella<\/td>\n<td>Redondo<\/td>\n<\/tr>\n<tr>\n<td>Color<\/td>\n<td>Claro<\/td>\n<\/tr>\n<tr>\n<td>Material<\/td>\n<td>VASO DE SOSA-LIMA<\/td>\n<\/tr>\n<tr>\n<td>Aprobado por la FDA<\/td>\n<td>S\u00ed<\/td>\n<\/tr>\n<tr>\n<td>Estilo gorra<\/td>\n<td>Pl\u00e1stico, tapa de hojalata<\/td>\n<\/tr>\n<\/tbody>\n<\/table>","protected":false},"excerpt":{"rendered":"<p>Frascos de vidrio transparente sin cuello anular para aderezos y salsas<\/p>\n<p>Tama\u00f1o de la tapa: 38-400 (se vende por separado)<\/p>\n<p>Conforme a la FDA, sin BPA<\/p>","protected":false},"featured_media":3482,"comment_status":"open","ping_status":"closed","template":"","meta":{"_seopress_robots_primary_cat":"","_seopress_titles_title":"Glass Sauce Bottles Without Ring Neck - Maidao Glass","_seopress_titles_desc":"Glass Sauce Bottles Without Ring Neck, Dress up your olive oil, salad dressing, or barbecue sauce with these cost effective, yet attractive dressing and sauce bottles.","_seopress_robots_index":""},"product_brand":[],"product_cat":[47],"product_tag":[],"class_list":{"0":"post-3480","1":"product","2":"type-product","3":"status-publish","4":"has-post-thumbnail","6":"product_cat-hot-sauce-bottles","8":"first","9":"instock","10":"shipping-taxable","11":"product-type-simple"},"_links":{"self":[{"href":"https:\/\/www.maidaoglass.com\/es\/wp-json\/wp\/v2\/product\/3480","targetHints":{"allow":["GET"]}}],"collection":[{"href":"https:\/\/www.maidaoglass.com\/es\/wp-json\/wp\/v2\/product"}],"about":[{"href":"https:\/\/www.maidaoglass.com\/es\/wp-json\/wp\/v2\/types\/product"}],"replies":[{"embeddable":true,"href":"https:\/\/www.maidaoglass.com\/es\/wp-json\/wp\/v2\/comments?post=3480"}],"version-history":[{"count":0,"href":"https:\/\/www.maidaoglass.com\/es\/wp-json\/wp\/v2\/product\/3480\/revisions"}],"wp:featuredmedia":[{"embeddable":true,"href":"https:\/\/www.maidaoglass.com\/es\/wp-json\/wp\/v2\/media\/3482"}],"wp:attachment":[{"href":"https:\/\/www.maidaoglass.com\/es\/wp-json\/wp\/v2\/media?parent=3480"}],"wp:term":[{"taxonomy":"product_brand","embeddable":true,"href":"https:\/\/www.maidaoglass.com\/es\/wp-json\/wp\/v2\/product_brand?post=3480"},{"taxonomy":"product_cat","embeddable":true,"href":"https:\/\/www.maidaoglass.com\/es\/wp-json\/wp\/v2\/product_cat?post=3480"},{"taxonomy":"product_tag","embeddable":true,"href":"https:\/\/www.maidaoglass.com\/es\/wp-json\/wp\/v2\/product_tag?post=3480"}],"curies":[{"name":"wp","href":"https:\/\/api.w.org\/{rel}","templated":true}]}}