{"id":3496,"date":"2021-09-02T12:27:54","date_gmt":"2021-09-02T12:27:54","guid":{"rendered":"https:\/\/www.maidaoglass.com\/?post_type=product&#038;p=3496"},"modified":"2021-12-03T04:17:36","modified_gmt":"2021-12-03T04:17:36","slug":"botella-de-salsa-picante-cachino","status":"publish","type":"product","link":"https:\/\/www.maidaoglass.com\/es\/vidrio\/botella-de-salsa-picante-cachino\/","title":{"rendered":"Botella de salsa picante Cachino"},"content":{"rendered":"<p>Nuestra botella de vidrio Flint (transparente) Stout de 360 ml (12 oz) es una opci\u00f3n ideal para una amplia variedad de aplicaciones de alimentos y bebidas. Como recipiente seguro para el contacto con alimentos, esta botella es adecuada para alimentos y bebidas, entre los que se incluyen los siguientes:<\/p>\n<p>Salsas Bar-B-Que<\/p>\n<p>Adobos<\/p>\n<p>Bebidas carbonatadas<\/p>\n<p>Zumos prensados en fr\u00edo<\/p>\n<p>Aderezos<\/p>\n<p>Vinagre y aceites<\/p>\n<p>El vidrio Flint (transparente) realza la exposici\u00f3n del producto y educa mejor sobre el contenido del envase.<\/p>\n<table width=\"0\">\n<tbody>\n<tr>\n<td>Capacidad<\/td>\n<td>360 ml<\/td>\n<\/tr>\n<tr>\n<td>Estilo botella<\/td>\n<td>Redondo<\/td>\n<\/tr>\n<tr>\n<td>Color<\/td>\n<td>Claro<\/td>\n<\/tr>\n<tr>\n<td>Material<\/td>\n<td>VASO DE SOSA-LIMA<\/td>\n<\/tr>\n<tr>\n<td>Aprobado por la FDA<\/td>\n<td>S\u00ed<\/td>\n<\/tr>\n<tr>\n<td>Estilo gorra<\/td>\n<td>Tapa de pl\u00e1stico<\/td>\n<\/tr>\n<\/tbody>\n<\/table>","protected":false},"excerpt":{"rendered":"<p>100% Contenedor reciclable<\/p>\n<p>Ideal para alimentos y bebidas<\/p>\n<p>Dise\u00f1o de panel de carrocer\u00eda recto ideal para la decoraci\u00f3n por serigraf\u00eda y la aplicaci\u00f3n de etiquetas<\/p>","protected":false},"featured_media":3498,"comment_status":"open","ping_status":"closed","template":"","meta":{"_seopress_robots_primary_cat":"none","_seopress_titles_title":"Cachino Hot Sauce Bottle - Maidao Glass","_seopress_titles_desc":"Cachino Hot Sauce Bottle Straight body panel design ideal for silk screen decorating and label application.","_seopress_robots_index":""},"product_brand":[],"product_cat":[47],"product_tag":[],"class_list":{"0":"post-3496","1":"product","2":"type-product","3":"status-publish","4":"has-post-thumbnail","6":"product_cat-hot-sauce-bottles","8":"first","9":"instock","10":"shipping-taxable","11":"product-type-simple"},"_links":{"self":[{"href":"https:\/\/www.maidaoglass.com\/es\/wp-json\/wp\/v2\/product\/3496","targetHints":{"allow":["GET"]}}],"collection":[{"href":"https:\/\/www.maidaoglass.com\/es\/wp-json\/wp\/v2\/product"}],"about":[{"href":"https:\/\/www.maidaoglass.com\/es\/wp-json\/wp\/v2\/types\/product"}],"replies":[{"embeddable":true,"href":"https:\/\/www.maidaoglass.com\/es\/wp-json\/wp\/v2\/comments?post=3496"}],"version-history":[{"count":0,"href":"https:\/\/www.maidaoglass.com\/es\/wp-json\/wp\/v2\/product\/3496\/revisions"}],"wp:featuredmedia":[{"embeddable":true,"href":"https:\/\/www.maidaoglass.com\/es\/wp-json\/wp\/v2\/media\/3498"}],"wp:attachment":[{"href":"https:\/\/www.maidaoglass.com\/es\/wp-json\/wp\/v2\/media?parent=3496"}],"wp:term":[{"taxonomy":"product_brand","embeddable":true,"href":"https:\/\/www.maidaoglass.com\/es\/wp-json\/wp\/v2\/product_brand?post=3496"},{"taxonomy":"product_cat","embeddable":true,"href":"https:\/\/www.maidaoglass.com\/es\/wp-json\/wp\/v2\/product_cat?post=3496"},{"taxonomy":"product_tag","embeddable":true,"href":"https:\/\/www.maidaoglass.com\/es\/wp-json\/wp\/v2\/product_tag?post=3496"}],"curies":[{"name":"wp","href":"https:\/\/api.w.org\/{rel}","templated":true}]}}