{"id":3502,"date":"2021-09-02T12:31:19","date_gmt":"2021-09-02T12:31:19","guid":{"rendered":"https:\/\/www.maidaoglass.com\/?post_type=product&#038;p=3502"},"modified":"2021-09-02T12:31:19","modified_gmt":"2021-09-02T12:31:19","slug":"botella-de-cristal-plana-para-salsa-picante","status":"publish","type":"product","link":"https:\/\/www.maidaoglass.com\/es\/vidrio\/botella-de-cristal-plana-para-salsa-picante\/","title":{"rendered":"Botella de vidrio plana para salsa picante"},"content":{"rendered":"<p>La botella de vidrio plana para salsa picante tiene m\u00faltiples capacidades y una gran \u00e1rea de etiquetado, puede cargar m\u00e1s dise\u00f1o. Es de bajo costo para el fabricante de salsa de acogida.<\/p>\n<table width=\"0\">\n<tbody>\n<tr>\n<td>Capacidad<\/td>\n<td>50 ml, 100 ml, 200 ml, 250 ml, 350 ml, 500 ml<\/td>\n<\/tr>\n<tr>\n<td>Estilo botella<\/td>\n<td>Plano<\/td>\n<\/tr>\n<tr>\n<td>Color<\/td>\n<td>Claro<\/td>\n<\/tr>\n<tr>\n<td>Material<\/td>\n<td>VASO DE SOSA-LIMA<\/td>\n<\/tr>\n<tr>\n<td>Aprobado por la FDA<\/td>\n<td>S\u00ed<\/td>\n<\/tr>\n<tr>\n<td>Estilo gorra<\/td>\n<td>Tapa de pl\u00e1stico<\/td>\n<\/tr>\n<\/tbody>\n<\/table>","protected":false},"excerpt":{"rendered":"<p>100% Contenedor reciclable<\/p>\n<p>Etiqueta de gran superficie, m\u00e1s espacio de dise\u00f1o<\/p>\n<p>Bajo coste<\/p>","protected":false},"featured_media":3504,"comment_status":"open","ping_status":"closed","template":"","meta":{"_seopress_robots_primary_cat":"","_seopress_titles_title":"Flat Hot Sauce Glass Bottle - Maidao Glass","_seopress_titles_desc":"Flat hot sauce glass bottle have multiple capacities and large label area, can loading more design. It is low cost for host sauce manufacturer.","_seopress_robots_index":""},"product_brand":[],"product_cat":[47],"product_tag":[],"class_list":{"0":"post-3502","1":"product","2":"type-product","3":"status-publish","4":"has-post-thumbnail","6":"product_cat-hot-sauce-bottles","8":"first","9":"instock","10":"shipping-taxable","11":"product-type-simple"},"_links":{"self":[{"href":"https:\/\/www.maidaoglass.com\/es\/wp-json\/wp\/v2\/product\/3502","targetHints":{"allow":["GET"]}}],"collection":[{"href":"https:\/\/www.maidaoglass.com\/es\/wp-json\/wp\/v2\/product"}],"about":[{"href":"https:\/\/www.maidaoglass.com\/es\/wp-json\/wp\/v2\/types\/product"}],"replies":[{"embeddable":true,"href":"https:\/\/www.maidaoglass.com\/es\/wp-json\/wp\/v2\/comments?post=3502"}],"version-history":[{"count":0,"href":"https:\/\/www.maidaoglass.com\/es\/wp-json\/wp\/v2\/product\/3502\/revisions"}],"wp:featuredmedia":[{"embeddable":true,"href":"https:\/\/www.maidaoglass.com\/es\/wp-json\/wp\/v2\/media\/3504"}],"wp:attachment":[{"href":"https:\/\/www.maidaoglass.com\/es\/wp-json\/wp\/v2\/media?parent=3502"}],"wp:term":[{"taxonomy":"product_brand","embeddable":true,"href":"https:\/\/www.maidaoglass.com\/es\/wp-json\/wp\/v2\/product_brand?post=3502"},{"taxonomy":"product_cat","embeddable":true,"href":"https:\/\/www.maidaoglass.com\/es\/wp-json\/wp\/v2\/product_cat?post=3502"},{"taxonomy":"product_tag","embeddable":true,"href":"https:\/\/www.maidaoglass.com\/es\/wp-json\/wp\/v2\/product_tag?post=3502"}],"curies":[{"name":"wp","href":"https:\/\/api.w.org\/{rel}","templated":true}]}}