{"id":351,"date":"2021-02-21T10:03:23","date_gmt":"2021-02-21T10:03:23","guid":{"rendered":"https:\/\/www.maidaoglass.com\/product\/import-placeholder-for-1466\/"},"modified":"2021-11-23T07:57:59","modified_gmt":"2021-11-23T07:57:59","slug":"botella-de-vino-con-hielo-para-bolos-de-500-ml","status":"publish","type":"product","link":"https:\/\/www.maidaoglass.com\/es\/vidrio\/botella-de-vino-con-hielo-para-bolos-de-500-ml\/","title":{"rendered":"Botella de vino Bowling Ice de 500 ml"},"content":{"rendered":"<p>Este estilo de botella destaca por su forma sencilla y sus elegantes proporciones. La forma de boliche y el estilo cl\u00e1sico de la botella resultan pr\u00e1cticos para el etiquetado y otras decoraciones, que no desentonar\u00edan en una farmacia de anta\u00f1o. Esta botella es perfecta para marcas de alcohol de alta calidad y est\u00e1 en l\u00ednea con las tendencias creativas actuales del mercado. Recomendamos utilizar la botella Oslo para ginebra, vodka, whisky, ron o tequila.<\/p>\n<table id=\"product-attribute-specs-table\" class=\"data-table\">\n<tbody>\n<tr class=\"odd\">\n<th class=\"col label\" scope=\"row\">Capacidad<\/th>\n<td class=\"col data\" data-th=\"Capacity\">175 ml, 275 ml, 375 ml, 500 ml<\/td>\n<\/tr>\n<tr class=\"even\">\n<th class=\"col label\" scope=\"row\">Estilo botella<\/th>\n<td class=\"col data\" data-th=\"Overflow Capacity\">Redondo<\/td>\n<\/tr>\n<tr class=\"odd\">\n<th class=\"col label\" scope=\"row\">Color<\/th>\n<td class=\"col data\" data-th=\"Bottle Style\">Claro<\/td>\n<\/tr>\n<tr class=\"even\">\n<th class=\"col label\" scope=\"row\">Material<\/th>\n<td class=\"col data\" data-th=\"Color\">SUPER VIDRIO DE S\u00cdLEX<\/td>\n<\/tr>\n<tr class=\"odd\">\n<th class=\"col label\" scope=\"row\">Aprobado por la FDA<\/th>\n<td class=\"col data\" data-th=\"Material\">S\u00ed<\/td>\n<\/tr>\n<tr class=\"even\">\n<th class=\"col label\" scope=\"row\">Estilo gorra<\/th>\n<td class=\"col data\" data-th=\"FDA Approved\">CORCHO<\/td>\n<\/tr>\n<\/tbody>\n<\/table>","protected":false},"excerpt":{"rendered":"<p>Este estilo de botella destaca por su forma sencilla y sus elegantes proporciones.<br \/>\nBowling, nuevo estilo de la botella es conveniente para el etiquetado y otras decoraciones.<\/p>","protected":false},"featured_media":381,"comment_status":"open","ping_status":"closed","template":"","meta":{"_seopress_robots_primary_cat":"none","_seopress_titles_title":"500ml Bowling Ice Wine Bottle - Maidao Glass","_seopress_titles_desc":"500ml Bowling Ice Wine Bottle, The Bowling shape, classic style of the bottle is convenient for labeling and other decorations.One which would not look out of place in a chemist\u2019s shop of a bygone era.","_seopress_robots_index":""},"product_brand":[],"product_cat":[40],"product_tag":[],"class_list":{"0":"post-351","1":"product","2":"type-product","3":"status-publish","4":"has-post-thumbnail","6":"product_cat-icewine-bottle","8":"first","9":"instock","10":"shipping-taxable","11":"product-type-simple"},"_links":{"self":[{"href":"https:\/\/www.maidaoglass.com\/es\/wp-json\/wp\/v2\/product\/351","targetHints":{"allow":["GET"]}}],"collection":[{"href":"https:\/\/www.maidaoglass.com\/es\/wp-json\/wp\/v2\/product"}],"about":[{"href":"https:\/\/www.maidaoglass.com\/es\/wp-json\/wp\/v2\/types\/product"}],"replies":[{"embeddable":true,"href":"https:\/\/www.maidaoglass.com\/es\/wp-json\/wp\/v2\/comments?post=351"}],"version-history":[{"count":0,"href":"https:\/\/www.maidaoglass.com\/es\/wp-json\/wp\/v2\/product\/351\/revisions"}],"wp:featuredmedia":[{"embeddable":true,"href":"https:\/\/www.maidaoglass.com\/es\/wp-json\/wp\/v2\/media\/381"}],"wp:attachment":[{"href":"https:\/\/www.maidaoglass.com\/es\/wp-json\/wp\/v2\/media?parent=351"}],"wp:term":[{"taxonomy":"product_brand","embeddable":true,"href":"https:\/\/www.maidaoglass.com\/es\/wp-json\/wp\/v2\/product_brand?post=351"},{"taxonomy":"product_cat","embeddable":true,"href":"https:\/\/www.maidaoglass.com\/es\/wp-json\/wp\/v2\/product_cat?post=351"},{"taxonomy":"product_tag","embeddable":true,"href":"https:\/\/www.maidaoglass.com\/es\/wp-json\/wp\/v2\/product_tag?post=351"}],"curies":[{"name":"wp","href":"https:\/\/api.w.org\/{rel}","templated":true}]}}