{"id":3515,"date":"2021-09-03T08:41:52","date_gmt":"2021-09-03T08:41:52","guid":{"rendered":"https:\/\/www.maidaoglass.com\/?post_type=product&#038;p=3515"},"modified":"2021-09-03T08:41:52","modified_gmt":"2021-09-03T08:41:52","slug":"molinillo-de-pimienta-alto-de-6oz","status":"publish","type":"product","link":"https:\/\/www.maidaoglass.com\/es\/vidrio\/molinillo-de-pimienta-alto-de-6oz\/","title":{"rendered":"Molinillo de pimienta alto de 6oz"},"content":{"rendered":"<p>Dise\u00f1o moderno con una incre\u00edble mezcla de acabado met\u00e1lico (acero inoxidable) y cristal: seguro que quedar\u00e1 incre\u00edble en su mesa de comedor, construcci\u00f3n robusta que durar\u00e1 mucho m\u00e1s, grosor ajustable para adaptarse a sus necesidades: trit\u00farelo muy fino o con textura granulada.<\/p>\n<table width=\"0\">\n<tbody>\n<tr>\n<td>Capacidad<\/td>\n<td>6 onzas<\/td>\n<\/tr>\n<tr>\n<td>Estilo botella<\/td>\n<td>Redondo<\/td>\n<\/tr>\n<tr>\n<td>Color<\/td>\n<td>Claro<\/td>\n<\/tr>\n<tr>\n<td>Material<\/td>\n<td>VASO DE SOSA-LIMA<\/td>\n<\/tr>\n<tr>\n<td>Aprobado por la FDA<\/td>\n<td>S\u00ed<\/td>\n<\/tr>\n<tr>\n<td>Estilo gorra<\/td>\n<td>MOLINILLO<\/td>\n<\/tr>\n<\/tbody>\n<\/table>","protected":false},"excerpt":{"rendered":"<p>Los molinillos de sal y pimienta son f\u00e1ciles de agarrar<\/p>\n<p>Molinillo de cer\u00e1mica f\u00e1cilmente ajustable<\/p>\n<p>Tapas de acero inoxidable<\/p>\n<p>F\u00e1cil de rellenar<\/p>","protected":false},"featured_media":3517,"comment_status":"open","ping_status":"closed","template":"","meta":{"_seopress_robots_primary_cat":"","_seopress_titles_title":"6oz Tall Pepper Grinder - Maidao Glass","_seopress_titles_desc":"6oz Tall Pepper Grinder, Easily Adjustable Ceramic Grinder and easy to refill.","_seopress_robots_index":""},"product_brand":[],"product_cat":[34],"product_tag":[],"class_list":{"0":"post-3515","1":"product","2":"type-product","3":"status-publish","4":"has-post-thumbnail","6":"product_cat-glass-spice-jars","8":"first","9":"instock","10":"shipping-taxable","11":"product-type-simple"},"_links":{"self":[{"href":"https:\/\/www.maidaoglass.com\/es\/wp-json\/wp\/v2\/product\/3515","targetHints":{"allow":["GET"]}}],"collection":[{"href":"https:\/\/www.maidaoglass.com\/es\/wp-json\/wp\/v2\/product"}],"about":[{"href":"https:\/\/www.maidaoglass.com\/es\/wp-json\/wp\/v2\/types\/product"}],"replies":[{"embeddable":true,"href":"https:\/\/www.maidaoglass.com\/es\/wp-json\/wp\/v2\/comments?post=3515"}],"version-history":[{"count":0,"href":"https:\/\/www.maidaoglass.com\/es\/wp-json\/wp\/v2\/product\/3515\/revisions"}],"wp:featuredmedia":[{"embeddable":true,"href":"https:\/\/www.maidaoglass.com\/es\/wp-json\/wp\/v2\/media\/3517"}],"wp:attachment":[{"href":"https:\/\/www.maidaoglass.com\/es\/wp-json\/wp\/v2\/media?parent=3515"}],"wp:term":[{"taxonomy":"product_brand","embeddable":true,"href":"https:\/\/www.maidaoglass.com\/es\/wp-json\/wp\/v2\/product_brand?post=3515"},{"taxonomy":"product_cat","embeddable":true,"href":"https:\/\/www.maidaoglass.com\/es\/wp-json\/wp\/v2\/product_cat?post=3515"},{"taxonomy":"product_tag","embeddable":true,"href":"https:\/\/www.maidaoglass.com\/es\/wp-json\/wp\/v2\/product_tag?post=3515"}],"curies":[{"name":"wp","href":"https:\/\/api.w.org\/{rel}","templated":true}]}}