{"id":358,"date":"2021-02-21T10:03:24","date_gmt":"2021-02-21T10:03:24","guid":{"rendered":"https:\/\/www.maidaoglass.com\/product\/import-placeholder-for-1481\/"},"modified":"2021-11-23T07:48:10","modified_gmt":"2021-11-23T07:48:10","slug":"botella-de-cristal-de-330-ml-para-el-licor","status":"publish","type":"product","link":"https:\/\/www.maidaoglass.com\/es\/vidrio\/botella-de-cristal-de-330-ml-para-el-licor\/","title":{"rendered":"Botella de cristal de 330 ml para licor"},"content":{"rendered":"<p>Este estilo de botella destaca por su forma sencilla y sus elegantes proporciones. La forma redonda y el estilo cl\u00e1sico de la botella resultan pr\u00e1cticos para el etiquetado y otras decoraciones, y no desentonar\u00edan en una farmacia de anta\u00f1o. Esta botella es perfecta para marcas de alcohol de alta calidad y est\u00e1 en l\u00ednea con las tendencias creativas actuales del mercado. Recomendamos utilizar la botella Oslo para ginebra, vodka, whisky, ron o tequila.<\/p>\n<table id=\"product-attribute-specs-table\" class=\"data-table\">\n<tbody>\n<tr class=\"odd\">\n<th class=\"col label\" scope=\"row\">Capacidad<\/th>\n<td class=\"col data\" data-th=\"Capacity\">330 ml 500 ml<\/td>\n<\/tr>\n<tr class=\"even\">\n<th class=\"col label\" scope=\"row\">Estilo botella<\/th>\n<td class=\"col data\" data-th=\"Overflow Capacity\">Redondo<\/td>\n<\/tr>\n<tr class=\"odd\">\n<th class=\"col label\" scope=\"row\">Color<\/th>\n<td class=\"col data\" data-th=\"Bottle Style\">Claro<\/td>\n<\/tr>\n<tr class=\"even\">\n<th class=\"col label\" scope=\"row\">Material<\/th>\n<td class=\"col data\" data-th=\"Color\">SUPER VIDRIO DE S\u00cdLEX<\/td>\n<\/tr>\n<tr class=\"odd\">\n<th class=\"col label\" scope=\"row\">Aprobado por la FDA<\/th>\n<td class=\"col data\" data-th=\"Material\">S\u00ed<\/td>\n<\/tr>\n<tr class=\"even\">\n<th class=\"col label\" scope=\"row\">Estilo gorra<\/th>\n<td class=\"col data\" data-th=\"FDA Approved\">CORCHO<\/td>\n<\/tr>\n<\/tbody>\n<\/table>","protected":false},"excerpt":{"rendered":"<p>Este estilo de botella destaca por su forma sencilla y sus elegantes proporciones.<br \/>\nEl estilo redondo y cl\u00e1sico de la botella resulta pr\u00e1ctico para el etiquetado y otras decoraciones.<\/p>","protected":false},"featured_media":388,"comment_status":"open","ping_status":"closed","template":"","meta":{"_seopress_robots_primary_cat":"none","_seopress_titles_title":"330ml Glass Bottle For Liquor - Maidao Glass","_seopress_titles_desc":"This style of bottle excels in its simple shape and elegant proportions. The Round shape, classic style of the bottle is convenient for labeling and other decorations.One which would not look out of place in a chemist\u2019s shop of a bygone era.","_seopress_robots_index":""},"product_brand":[],"product_cat":[38],"product_tag":[],"class_list":{"0":"post-358","1":"product","2":"type-product","3":"status-publish","4":"has-post-thumbnail","6":"product_cat-liquor-bottles","8":"first","9":"instock","10":"shipping-taxable","11":"product-type-simple"},"_links":{"self":[{"href":"https:\/\/www.maidaoglass.com\/es\/wp-json\/wp\/v2\/product\/358","targetHints":{"allow":["GET"]}}],"collection":[{"href":"https:\/\/www.maidaoglass.com\/es\/wp-json\/wp\/v2\/product"}],"about":[{"href":"https:\/\/www.maidaoglass.com\/es\/wp-json\/wp\/v2\/types\/product"}],"replies":[{"embeddable":true,"href":"https:\/\/www.maidaoglass.com\/es\/wp-json\/wp\/v2\/comments?post=358"}],"version-history":[{"count":1,"href":"https:\/\/www.maidaoglass.com\/es\/wp-json\/wp\/v2\/product\/358\/revisions"}],"predecessor-version":[{"id":4024,"href":"https:\/\/www.maidaoglass.com\/es\/wp-json\/wp\/v2\/product\/358\/revisions\/4024"}],"wp:featuredmedia":[{"embeddable":true,"href":"https:\/\/www.maidaoglass.com\/es\/wp-json\/wp\/v2\/media\/388"}],"wp:attachment":[{"href":"https:\/\/www.maidaoglass.com\/es\/wp-json\/wp\/v2\/media?parent=358"}],"wp:term":[{"taxonomy":"product_brand","embeddable":true,"href":"https:\/\/www.maidaoglass.com\/es\/wp-json\/wp\/v2\/product_brand?post=358"},{"taxonomy":"product_cat","embeddable":true,"href":"https:\/\/www.maidaoglass.com\/es\/wp-json\/wp\/v2\/product_cat?post=358"},{"taxonomy":"product_tag","embeddable":true,"href":"https:\/\/www.maidaoglass.com\/es\/wp-json\/wp\/v2\/product_tag?post=358"}],"curies":[{"name":"wp","href":"https:\/\/api.w.org\/{rel}","templated":true}]}}