{"id":3605,"date":"2021-09-09T15:44:46","date_gmt":"2021-09-09T15:44:46","guid":{"rendered":"https:\/\/www.maidaoglass.com\/?post_type=product&#038;p=3605"},"modified":"2021-09-09T15:44:46","modified_gmt":"2021-09-09T15:44:46","slug":"tarro-de-cristal-plano-para-caramelos","status":"publish","type":"product","link":"https:\/\/www.maidaoglass.com\/es\/vidrio\/tarro-de-cristal-plano-para-caramelos\/","title":{"rendered":"Tarro de cristal plano para caramelos"},"content":{"rendered":"<p>Vuelve a visitar la tienda de golosinas de tu infancia (o de tus sue\u00f1os) directamente en tu casa. El tarro se mantendr\u00e1 estable de lado para acceder f\u00e1cilmente a esos deliciosos caramelos o se mantendr\u00e1 de pie para ahorrar espacio, ya que los tarros tienen paredes rectas. Almacena caramelos, galletas y pretzels para picarlos f\u00e1cilmente o exponlos en tu fiesta para crear un divertido centro de mesa. Utiliza estos botes para organizar por fin tu casa. Los tarros son perfectos para juguetes peque\u00f1os, ingredientes crudos, botones y cierres. Hay tanto que hacer. S\u00f3lo un tarro.<\/p>\n<table>\n<tbody>\n<tr>\n<td>Capacidad<\/td>\n<td>50 ml, 100 ml, 180 ml, 280 ml, 380 ml, 480 ml<\/td>\n<\/tr>\n<tr>\n<td>Estilo botella<\/td>\n<td>plano<\/td>\n<\/tr>\n<tr>\n<td>Color<\/td>\n<td>Claro<\/td>\n<\/tr>\n<tr>\n<td>Material<\/td>\n<td>VASO DE SOSA-LIMA<\/td>\n<\/tr>\n<tr>\n<td>Aprobado por la FDA<\/td>\n<td>S\u00ed<\/td>\n<\/tr>\n<tr>\n<td>Estilo gorra<\/td>\n<td>Hojalata<\/td>\n<\/tr>\n<\/tbody>\n<\/table>","protected":false},"excerpt":{"rendered":"<p>Mant\u00e9ngase a la vista - El cuenco para caramelos de cocina queda bonito en cualquier ambiente.<\/p>\n<p>Dise\u00f1o encantador - El recipiente para caramelos se mantiene estable en posici\u00f3n vertical para ofrecer el m\u00e1ximo espacio de almacenamiento de alimentos o en posici\u00f3n lateral para conseguir un bonito efecto y facilitar el acceso.<\/p>\n<p>Para todas las ocasiones<\/p>\n<p>Dise\u00f1o ergon\u00f3mico<\/p>","protected":false},"featured_media":3607,"comment_status":"open","ping_status":"closed","template":"","meta":{"_seopress_robots_primary_cat":"","_seopress_titles_title":"Flat Glass Jar For Candy Wholesale - Maidao Glass","_seopress_titles_desc":"Flat glass jar for candy whoelsale, in stock, Charming Design, flat glass Candy bin stands stable upright for maximum food storage space or on its side for a beautiful effect and easy access. ","_seopress_robots_index":""},"product_brand":[],"product_cat":[49],"product_tag":[],"class_list":{"0":"post-3605","1":"product","2":"type-product","3":"status-publish","4":"has-post-thumbnail","6":"product_cat-glass-candy-jars","8":"first","9":"instock","10":"shipping-taxable","11":"product-type-simple"},"_links":{"self":[{"href":"https:\/\/www.maidaoglass.com\/es\/wp-json\/wp\/v2\/product\/3605","targetHints":{"allow":["GET"]}}],"collection":[{"href":"https:\/\/www.maidaoglass.com\/es\/wp-json\/wp\/v2\/product"}],"about":[{"href":"https:\/\/www.maidaoglass.com\/es\/wp-json\/wp\/v2\/types\/product"}],"replies":[{"embeddable":true,"href":"https:\/\/www.maidaoglass.com\/es\/wp-json\/wp\/v2\/comments?post=3605"}],"version-history":[{"count":0,"href":"https:\/\/www.maidaoglass.com\/es\/wp-json\/wp\/v2\/product\/3605\/revisions"}],"wp:featuredmedia":[{"embeddable":true,"href":"https:\/\/www.maidaoglass.com\/es\/wp-json\/wp\/v2\/media\/3607"}],"wp:attachment":[{"href":"https:\/\/www.maidaoglass.com\/es\/wp-json\/wp\/v2\/media?parent=3605"}],"wp:term":[{"taxonomy":"product_brand","embeddable":true,"href":"https:\/\/www.maidaoglass.com\/es\/wp-json\/wp\/v2\/product_brand?post=3605"},{"taxonomy":"product_cat","embeddable":true,"href":"https:\/\/www.maidaoglass.com\/es\/wp-json\/wp\/v2\/product_cat?post=3605"},{"taxonomy":"product_tag","embeddable":true,"href":"https:\/\/www.maidaoglass.com\/es\/wp-json\/wp\/v2\/product_tag?post=3605"}],"curies":[{"name":"wp","href":"https:\/\/api.w.org\/{rel}","templated":true}]}}