{"id":3617,"date":"2021-09-09T15:50:59","date_gmt":"2021-09-09T15:50:59","guid":{"rendered":"https:\/\/www.maidaoglass.com\/?post_type=product&#038;p=3617"},"modified":"2021-09-09T15:51:18","modified_gmt":"2021-09-09T15:51:18","slug":"recipientes-para-caramelos-con-tapa-de-cristal","status":"publish","type":"product","link":"https:\/\/www.maidaoglass.com\/es\/vidrio\/recipientes-para-caramelos-con-tapa-de-cristal\/","title":{"rendered":"Envases Para Caramelos Con Tapa De Vidrio"},"content":{"rendered":"<p>El Envase Recto Para Caramelos Con Tapa De Cristal es un tarro transparente con tapa transparente ajustada, que garantiza que sus art\u00edculos est\u00e9n protegidos y sean f\u00e1cilmente visibles.<\/p>\n<p>Estos son perfectos para una fiesta o evento. asegur\u00e1ndose de que tiene suficiente espacio para sus art\u00edculos mientras que le da la comodidad de poder guardarlos en su armario.<\/p>\n<p>El tarro de cristal es ideal para guardar galletas, productos horneados, flores, az\u00facar, corchos y bolas de algod\u00f3n.<\/p>\n<p>Adem\u00e1s de mantener tus cosas frescas, tienen un aspecto limpio y elegante que hace que esas cajas de cereales y bolsas de granola desordenadas sean cosa del pasado.<\/p>\n<table>\n<tbody>\n<tr>\n<td>Capacidad<\/td>\n<td>100 ml, 350 ml, 750 ml, 950 ml<\/td>\n<\/tr>\n<tr>\n<td>Estilo botella<\/td>\n<td>Redondo<\/td>\n<\/tr>\n<tr>\n<td>Color<\/td>\n<td>Claro<\/td>\n<\/tr>\n<tr>\n<td>Material<\/td>\n<td>VASO DE SOSA-LIMA<\/td>\n<\/tr>\n<tr>\n<td>Aprobado por la FDA<\/td>\n<td>S\u00ed<\/td>\n<\/tr>\n<tr>\n<td>Estilo gorra<\/td>\n<td>Vidrio<\/td>\n<\/tr>\n<\/tbody>\n<\/table>","protected":false},"excerpt":{"rendered":"<p>El Envase Recto Para Caramelos Con Tapa De Cristal es un tarro transparente con tapa transparente ajustada, que garantiza que sus art\u00edculos est\u00e9n protegidos y sean f\u00e1cilmente visibles.<\/p>\n<p>Aseg\u00farese de que dispone de espacio suficiente para sus mercanc\u00edas .<\/p>\n<p>Adem\u00e1s de mantener tus cosas frescas, tienen un aspecto limpio y elegante.<\/p>","protected":false},"featured_media":3619,"comment_status":"open","ping_status":"closed","template":"","meta":{"_seopress_robots_primary_cat":"none","_seopress_titles_title":"Containers For Candy With Glass Lid - Maidao Glass","_seopress_titles_desc":"The Straight Containers For Candy With Glass Lid is a clear jar with a clear fitted lid, making sure your items are protected and easily visible.","_seopress_robots_index":""},"product_brand":[],"product_cat":[49],"product_tag":[],"class_list":{"0":"post-3617","1":"product","2":"type-product","3":"status-publish","4":"has-post-thumbnail","6":"product_cat-glass-candy-jars","8":"first","9":"instock","10":"shipping-taxable","11":"product-type-simple"},"_links":{"self":[{"href":"https:\/\/www.maidaoglass.com\/es\/wp-json\/wp\/v2\/product\/3617","targetHints":{"allow":["GET"]}}],"collection":[{"href":"https:\/\/www.maidaoglass.com\/es\/wp-json\/wp\/v2\/product"}],"about":[{"href":"https:\/\/www.maidaoglass.com\/es\/wp-json\/wp\/v2\/types\/product"}],"replies":[{"embeddable":true,"href":"https:\/\/www.maidaoglass.com\/es\/wp-json\/wp\/v2\/comments?post=3617"}],"version-history":[{"count":0,"href":"https:\/\/www.maidaoglass.com\/es\/wp-json\/wp\/v2\/product\/3617\/revisions"}],"wp:featuredmedia":[{"embeddable":true,"href":"https:\/\/www.maidaoglass.com\/es\/wp-json\/wp\/v2\/media\/3619"}],"wp:attachment":[{"href":"https:\/\/www.maidaoglass.com\/es\/wp-json\/wp\/v2\/media?parent=3617"}],"wp:term":[{"taxonomy":"product_brand","embeddable":true,"href":"https:\/\/www.maidaoglass.com\/es\/wp-json\/wp\/v2\/product_brand?post=3617"},{"taxonomy":"product_cat","embeddable":true,"href":"https:\/\/www.maidaoglass.com\/es\/wp-json\/wp\/v2\/product_cat?post=3617"},{"taxonomy":"product_tag","embeddable":true,"href":"https:\/\/www.maidaoglass.com\/es\/wp-json\/wp\/v2\/product_tag?post=3617"}],"curies":[{"name":"wp","href":"https:\/\/api.w.org\/{rel}","templated":true}]}}