{"id":3623,"date":"2021-09-09T15:56:51","date_gmt":"2021-09-09T15:56:51","guid":{"rendered":"https:\/\/www.maidaoglass.com\/?post_type=product&#038;p=3623"},"modified":"2021-09-09T15:56:51","modified_gmt":"2021-09-09T15:56:51","slug":"recipiente-de-vidrio-con-tapa-de-madera","status":"publish","type":"product","link":"https:\/\/www.maidaoglass.com\/es\/vidrio\/recipiente-de-vidrio-con-tapa-de-madera\/","title":{"rendered":"Recipiente de vidrio con tapa de madera"},"content":{"rendered":"<p>Tarros de cristal para almacenamiento de cocina : la tapa herm\u00e9tica tiene un anillo sellado de silicona,el anillo sellado de silicona act\u00faa como un sello manteniendo su contenido fresco.Mantenga sus alimentos secos m\u00e1s frescos y durante m\u00e1s tiempo.Los tarros sellados de cristal son ideales para t\u00e9 suelto,caf\u00e9 en grano,frutos secos,galletas y caramelos,az\u00facar y harina.<\/p>\n<p>Material y calidad: tarros de cristal con tapas de madera, aprobados por la FDA, los tarros est\u00e1n hechos de cristal de borosilicato transparente de alta calidad, las tapas herm\u00e9ticas est\u00e1n hechas de madera natural, libre de BPA.<\/p>\n<table>\n<tbody>\n<tr>\n<td>Capacidad<\/td>\n<td>50 ml, 100 ml, 180 ml, 280 ml, 380 ml, 480 ml<\/td>\n<\/tr>\n<tr>\n<td>Estilo botella<\/td>\n<td>Redondo<\/td>\n<\/tr>\n<tr>\n<td>Color<\/td>\n<td>Claro<\/td>\n<\/tr>\n<tr>\n<td>Material<\/td>\n<td>vidrio borosilicato<\/td>\n<\/tr>\n<tr>\n<td>Aprobado por la FDA<\/td>\n<td>S\u00ed<\/td>\n<\/tr>\n<tr>\n<td>Estilo gorra<\/td>\n<td>Tapa de madera<\/td>\n<\/tr>\n<\/tbody>\n<\/table>","protected":false},"excerpt":{"rendered":"<p>Mucha capacidad para elegir<\/p>\n<p>Vidrio de borosilicato de alta con tapas de madera, pas\u00f3 la certificaci\u00f3n de la FDA<\/p>","protected":false},"featured_media":3625,"comment_status":"open","ping_status":"closed","template":"","meta":{"_seopress_robots_primary_cat":"","_seopress_titles_title":"Glass Container With Wooden Lid - Maidao Glass","_seopress_titles_desc":"Glass Container With Wooden Lid, a lot of capacity to choose, high borosilicate glass with wood lids, passed the FDA certification.","_seopress_robots_index":""},"product_brand":[],"product_cat":[49],"product_tag":[],"class_list":{"0":"post-3623","1":"product","2":"type-product","3":"status-publish","4":"has-post-thumbnail","6":"product_cat-glass-candy-jars","8":"first","9":"instock","10":"shipping-taxable","11":"product-type-simple"},"_links":{"self":[{"href":"https:\/\/www.maidaoglass.com\/es\/wp-json\/wp\/v2\/product\/3623","targetHints":{"allow":["GET"]}}],"collection":[{"href":"https:\/\/www.maidaoglass.com\/es\/wp-json\/wp\/v2\/product"}],"about":[{"href":"https:\/\/www.maidaoglass.com\/es\/wp-json\/wp\/v2\/types\/product"}],"replies":[{"embeddable":true,"href":"https:\/\/www.maidaoglass.com\/es\/wp-json\/wp\/v2\/comments?post=3623"}],"version-history":[{"count":0,"href":"https:\/\/www.maidaoglass.com\/es\/wp-json\/wp\/v2\/product\/3623\/revisions"}],"wp:featuredmedia":[{"embeddable":true,"href":"https:\/\/www.maidaoglass.com\/es\/wp-json\/wp\/v2\/media\/3625"}],"wp:attachment":[{"href":"https:\/\/www.maidaoglass.com\/es\/wp-json\/wp\/v2\/media?parent=3623"}],"wp:term":[{"taxonomy":"product_brand","embeddable":true,"href":"https:\/\/www.maidaoglass.com\/es\/wp-json\/wp\/v2\/product_brand?post=3623"},{"taxonomy":"product_cat","embeddable":true,"href":"https:\/\/www.maidaoglass.com\/es\/wp-json\/wp\/v2\/product_cat?post=3623"},{"taxonomy":"product_tag","embeddable":true,"href":"https:\/\/www.maidaoglass.com\/es\/wp-json\/wp\/v2\/product_tag?post=3623"}],"curies":[{"name":"wp","href":"https:\/\/api.w.org\/{rel}","templated":true}]}}