{"id":3832,"date":"2021-11-20T07:00:17","date_gmt":"2021-11-20T07:00:17","guid":{"rendered":"https:\/\/www.maidaoglass.com\/?post_type=product&#038;p=3832"},"modified":"2021-11-21T07:03:24","modified_gmt":"2021-11-21T07:03:24","slug":"tonel-de-vino-de-california-de-64-oz","status":"publish","type":"product","link":"https:\/\/www.maidaoglass.com\/es\/vidrio\/tonel-de-vino-de-california-de-64-oz\/","title":{"rendered":"Tonel de vino de California de 64 oz"},"content":{"rendered":"<p>a cerveza est\u00e1 al alcance de su mano con el Tonel California Wine Growler de medio gal\u00f3n (64 oz.), que tiene un acabado de girar para encenderlo y apagarlo, con un cuerpo largo y ancho que tiene un hombro y un cuello c\u00f3nicos. La botella de cerveza de vidrio \u00e1mbar protege la luz de infiltraciones para mantener el sabor. Los growlers port\u00e1tiles son ideales para almacenar cerveza artesanal, dom\u00e9stica y casera para fiestas y otros eventos especiales. Este growler de vidrio es adecuado para cierres con un acabado twist on\/off de 38 mm.<\/p>\n<table width=\"0\">\n<tbody>\n<tr>\n<td>Capacidad<\/td>\n<td>64 onzas<\/td>\n<\/tr>\n<tr>\n<td>Estilo botella<\/td>\n<td>Forma redonda<\/td>\n<\/tr>\n<tr>\n<td>Color<\/td>\n<td>\u00c1mbar<\/td>\n<\/tr>\n<tr>\n<td>Material<\/td>\n<td>Vidrio Flint<\/td>\n<\/tr>\n<tr>\n<td>Aprobado por la FDA<\/td>\n<td>S\u00ed<\/td>\n<\/tr>\n<tr>\n<td>Estilo gorra<\/td>\n<td>Tapa de pl\u00e1stico<\/td>\n<\/tr>\n<\/tbody>\n<\/table>","protected":false},"excerpt":{"rendered":"<p>Que tiene un acabado twist on and off con un cuerpo largo y ancho que tiene el hombro y el cuello afilados.<br \/>\nLa botella de cerveza de vidrio \u00e1mbar protege la luz de las infiltraciones para mantener el sabor.<\/p>","protected":false},"featured_media":3833,"comment_status":"open","ping_status":"closed","template":"","meta":{"_seopress_robots_primary_cat":"none","_seopress_titles_title":"64oz California Wine Growler - Maidao Glass","_seopress_titles_desc":"64 oz California Wine Growler, which has a twist on and off finish with a long and wide body that has a tapered shoulder and neck.","_seopress_robots_index":""},"product_brand":[],"product_cat":[42],"product_tag":[],"class_list":{"0":"post-3832","1":"product","2":"type-product","3":"status-publish","4":"has-post-thumbnail","6":"product_cat-glass-beer-bottles","8":"first","9":"instock","10":"shipping-taxable","11":"product-type-simple"},"_links":{"self":[{"href":"https:\/\/www.maidaoglass.com\/es\/wp-json\/wp\/v2\/product\/3832","targetHints":{"allow":["GET"]}}],"collection":[{"href":"https:\/\/www.maidaoglass.com\/es\/wp-json\/wp\/v2\/product"}],"about":[{"href":"https:\/\/www.maidaoglass.com\/es\/wp-json\/wp\/v2\/types\/product"}],"replies":[{"embeddable":true,"href":"https:\/\/www.maidaoglass.com\/es\/wp-json\/wp\/v2\/comments?post=3832"}],"version-history":[{"count":0,"href":"https:\/\/www.maidaoglass.com\/es\/wp-json\/wp\/v2\/product\/3832\/revisions"}],"wp:featuredmedia":[{"embeddable":true,"href":"https:\/\/www.maidaoglass.com\/es\/wp-json\/wp\/v2\/media\/3833"}],"wp:attachment":[{"href":"https:\/\/www.maidaoglass.com\/es\/wp-json\/wp\/v2\/media?parent=3832"}],"wp:term":[{"taxonomy":"product_brand","embeddable":true,"href":"https:\/\/www.maidaoglass.com\/es\/wp-json\/wp\/v2\/product_brand?post=3832"},{"taxonomy":"product_cat","embeddable":true,"href":"https:\/\/www.maidaoglass.com\/es\/wp-json\/wp\/v2\/product_cat?post=3832"},{"taxonomy":"product_tag","embeddable":true,"href":"https:\/\/www.maidaoglass.com\/es\/wp-json\/wp\/v2\/product_tag?post=3832"}],"curies":[{"name":"wp","href":"https:\/\/api.w.org\/{rel}","templated":true}]}}