{"id":3842,"date":"2021-11-21T07:27:03","date_gmt":"2021-11-21T07:27:03","guid":{"rendered":"https:\/\/www.maidaoglass.com\/?post_type=product&#038;p=3842"},"modified":"2021-11-21T07:53:17","modified_gmt":"2021-11-21T07:53:17","slug":"botella-de-vino-de-cristal-burdeos","status":"publish","type":"product","link":"https:\/\/www.maidaoglass.com\/es\/vidrio\/botella-de-vino-de-cristal-burdeos\/","title":{"rendered":"Botella de vino de cristal burdeos"},"content":{"rendered":"<p>La botella borgo\u00f1ona fue el primer tipo de botella que apareci\u00f3, y se cre\u00f3 en el siglo XIX para reducir la dificultad de fabricar botellas en grandes cantidades sin utilizar moldes.<br \/>\nEste tipo de botella tiene hombros m\u00e1s estrechos y una forma de botella m\u00e1s redondeada, que visualmente parece tener un estilo de hombro resbaladizo. Una vez que apareci\u00f3 esta forma de botella, se populariz\u00f3 gradualmente junto con la influencia de las botellas de vidrio en el vino, y llev\u00f3 a cabo una popularidad mundial, y esta forma de botella fue ampliamente promovida. Los viticultores de Borgo\u00f1a suelen utilizar esta forma de botella para los vinos blancos Chardonnay y tintos Pinot Noir.<\/p>\n<table width=\"0\">\n<tbody>\n<tr>\n<td>Capacidad<\/td>\n<td>187ml 375ml 750ml 1500ml<\/td>\n<\/tr>\n<tr>\n<td>Estilo botella<\/td>\n<td>Forma redonda<\/td>\n<\/tr>\n<tr>\n<td>Color<\/td>\n<td>verde, \u00e1mbar, negro, azul, personalizable<\/td>\n<\/tr>\n<tr>\n<td>Material<\/td>\n<td>Vidrio Flint<\/td>\n<\/tr>\n<tr>\n<td>Aprobado por la FDA<\/td>\n<td>S\u00ed<\/td>\n<\/tr>\n<tr>\n<td>Estilo gorra<\/td>\n<td>Tapa de corcho, cubierta de aluminio<\/td>\n<\/tr>\n<\/tbody>\n<\/table>","protected":false},"excerpt":{"rendered":"<p>La forma redondeada de la botella, que visualmente parece tener un estilo de hombro resbaladizo.<\/p>","protected":false},"featured_media":3844,"comment_status":"open","ping_status":"closed","template":"","meta":{"_seopress_robots_primary_cat":"none","_seopress_titles_title":"Burgundy Glass Wine Bottle - Maidao Glass","_seopress_titles_desc":"This type of bottle has narrower shoulders and a more rounded bottle shape, which visually appears to have a slippery shoulder style. Once this bottle shape appeared, it gradually became popular along with the influence of glass bottles on wine, and carried out worldwide popularity, and this shape of bottle was widely promoted. Burgundy vintners generally use this bottle shape for white Chardonnay and red Pinot Noir wines.","_seopress_robots_index":"","_seopress_analysis_target_kw":""},"product_brand":[],"product_cat":[41],"product_tag":[],"class_list":{"0":"post-3842","1":"product","2":"type-product","3":"status-publish","4":"has-post-thumbnail","6":"product_cat-wine-bottle","8":"first","9":"instock","10":"shipping-taxable","11":"product-type-simple"},"_links":{"self":[{"href":"https:\/\/www.maidaoglass.com\/es\/wp-json\/wp\/v2\/product\/3842","targetHints":{"allow":["GET"]}}],"collection":[{"href":"https:\/\/www.maidaoglass.com\/es\/wp-json\/wp\/v2\/product"}],"about":[{"href":"https:\/\/www.maidaoglass.com\/es\/wp-json\/wp\/v2\/types\/product"}],"replies":[{"embeddable":true,"href":"https:\/\/www.maidaoglass.com\/es\/wp-json\/wp\/v2\/comments?post=3842"}],"version-history":[{"count":0,"href":"https:\/\/www.maidaoglass.com\/es\/wp-json\/wp\/v2\/product\/3842\/revisions"}],"wp:featuredmedia":[{"embeddable":true,"href":"https:\/\/www.maidaoglass.com\/es\/wp-json\/wp\/v2\/media\/3844"}],"wp:attachment":[{"href":"https:\/\/www.maidaoglass.com\/es\/wp-json\/wp\/v2\/media?parent=3842"}],"wp:term":[{"taxonomy":"product_brand","embeddable":true,"href":"https:\/\/www.maidaoglass.com\/es\/wp-json\/wp\/v2\/product_brand?post=3842"},{"taxonomy":"product_cat","embeddable":true,"href":"https:\/\/www.maidaoglass.com\/es\/wp-json\/wp\/v2\/product_cat?post=3842"},{"taxonomy":"product_tag","embeddable":true,"href":"https:\/\/www.maidaoglass.com\/es\/wp-json\/wp\/v2\/product_tag?post=3842"}],"curies":[{"name":"wp","href":"https:\/\/api.w.org\/{rel}","templated":true}]}}