{"id":3848,"date":"2021-11-21T07:31:29","date_gmt":"2021-11-21T07:31:29","guid":{"rendered":"https:\/\/www.maidaoglass.com\/?post_type=product&#038;p=3848"},"modified":"2021-11-21T07:52:59","modified_gmt":"2021-11-21T07:52:59","slug":"botella-de-vino-de-cristal-burdeos-2","status":"publish","type":"product","link":"https:\/\/www.maidaoglass.com\/es\/vidrio\/botella-de-vino-de-cristal-burdeos-2\/","title":{"rendered":"Botella de vino bordelesa"},"content":{"rendered":"<p>La botella bordelesa surgi\u00f3 un poco m\u00e1s tarde que la borgo\u00f1ona, que debe su nombre a la regi\u00f3n vin\u00edcola de Burdeos, y ahora la mayor\u00eda de nuestros vinos comunes se elaboran en esta botella.<\/p>\n<p>Con sus hombros anchos y laterales estilizados, es la forma de botella cl\u00e1sica de la regi\u00f3n de Burdeos. Inicialmente se utiliz\u00f3 para el Cabernet Sauvignon y el Merlot, dos vinos populares, y tras su aparici\u00f3n fue reconocida inmediatamente por los vinicultores de todo el mundo como la botella m\u00e1s popular del mundo por su facilidad de embotellado, almacenamiento y transporte.<\/p>\n<p>Se cree que se dise\u00f1\u00f3 con este hombro para depositar mejor las impurezas, y algunos creen que en gran parte sigue siendo un intento deliberado de diferenciar la botella del estilo Borgo\u00f1a.<\/p>\n<table width=\"0\">\n<tbody>\n<tr>\n<td>Capacidad<\/td>\n<td>750 ml 1000 ml 1500 ml<\/td>\n<\/tr>\n<tr>\n<td>Estilo botella<\/td>\n<td>Forma redonda<\/td>\n<\/tr>\n<tr>\n<td>Color<\/td>\n<td>verde, \u00e1mbar, negro, azul, personalizable<\/td>\n<\/tr>\n<tr>\n<td>Material<\/td>\n<td>Vidrio Flint<\/td>\n<\/tr>\n<tr>\n<td>Aprobado por la FDA<\/td>\n<td>S\u00ed<\/td>\n<\/tr>\n<tr>\n<td>Estilo gorra<\/td>\n<td>Tapa de corcho, cubierta de aluminio<\/td>\n<\/tr>\n<\/tbody>\n<\/table>","protected":false},"excerpt":{"rendered":"<p>Hombros anchos y laterales estilizados<br \/>\nFacilidad de embotellado, almacenamiento y transporte.<\/p>","protected":false},"featured_media":3849,"comment_status":"open","ping_status":"closed","template":"","meta":{"_seopress_robots_primary_cat":"none","_seopress_titles_title":"Bordeaux Glass Wine Bottle - Maidao Glass","_seopress_titles_desc":"The Bordeaux bottle emerged a little later than the Burgundy bottle, which was named after the wine region Bordeaux, and now most of our common wines are made in this bottle.","_seopress_robots_index":""},"product_brand":[],"product_cat":[41],"product_tag":[],"class_list":{"0":"post-3848","1":"product","2":"type-product","3":"status-publish","4":"has-post-thumbnail","6":"product_cat-wine-bottle","8":"first","9":"instock","10":"shipping-taxable","11":"product-type-simple"},"_links":{"self":[{"href":"https:\/\/www.maidaoglass.com\/es\/wp-json\/wp\/v2\/product\/3848","targetHints":{"allow":["GET"]}}],"collection":[{"href":"https:\/\/www.maidaoglass.com\/es\/wp-json\/wp\/v2\/product"}],"about":[{"href":"https:\/\/www.maidaoglass.com\/es\/wp-json\/wp\/v2\/types\/product"}],"replies":[{"embeddable":true,"href":"https:\/\/www.maidaoglass.com\/es\/wp-json\/wp\/v2\/comments?post=3848"}],"version-history":[{"count":0,"href":"https:\/\/www.maidaoglass.com\/es\/wp-json\/wp\/v2\/product\/3848\/revisions"}],"wp:featuredmedia":[{"embeddable":true,"href":"https:\/\/www.maidaoglass.com\/es\/wp-json\/wp\/v2\/media\/3849"}],"wp:attachment":[{"href":"https:\/\/www.maidaoglass.com\/es\/wp-json\/wp\/v2\/media?parent=3848"}],"wp:term":[{"taxonomy":"product_brand","embeddable":true,"href":"https:\/\/www.maidaoglass.com\/es\/wp-json\/wp\/v2\/product_brand?post=3848"},{"taxonomy":"product_cat","embeddable":true,"href":"https:\/\/www.maidaoglass.com\/es\/wp-json\/wp\/v2\/product_cat?post=3848"},{"taxonomy":"product_tag","embeddable":true,"href":"https:\/\/www.maidaoglass.com\/es\/wp-json\/wp\/v2\/product_tag?post=3848"}],"curies":[{"name":"wp","href":"https:\/\/api.w.org\/{rel}","templated":true}]}}