{"id":3858,"date":"2021-11-21T08:13:48","date_gmt":"2021-11-21T08:13:48","guid":{"rendered":"https:\/\/www.maidaoglass.com\/?post_type=product&#038;p=3858"},"modified":"2021-11-21T08:16:43","modified_gmt":"2021-11-21T08:16:43","slug":"copa-de-champan-botella-de-vino","status":"publish","type":"product","link":"https:\/\/www.maidaoglass.com\/es\/vidrio\/copa-de-champan-botella-de-vino\/","title":{"rendered":"Copa de champ\u00e1n Botella de vino"},"content":{"rendered":"<p>La botella de champ\u00e1n es una botella dise\u00f1ada espec\u00edficamente para el champ\u00e1n. Estas botellas suelen ser m\u00e1s grandes y resistentes, y a menudo tienen un fondo rebajado y paredes m\u00e1s gruesas para soportar la enorme presi\u00f3n dentro de la botella. Por supuesto, adem\u00e1s del Champ\u00e1n, otros fabricantes de vinos espumosos tambi\u00e9n utilizan botellas de Champ\u00e1n para servir sus vinos espumosos.<\/p>\n<table width=\"0\">\n<tbody>\n<tr>\n<td>Capacidad<\/td>\n<td>500 ml, 750 ml<\/td>\n<\/tr>\n<tr>\n<td>Estilo botella<\/td>\n<td>Forma redonda<\/td>\n<\/tr>\n<tr>\n<td>Color<\/td>\n<td>verde, \u00e1mbar, negro, azul, personalizable<\/td>\n<\/tr>\n<tr>\n<td>Material<\/td>\n<td>Vidrio Flint<\/td>\n<\/tr>\n<tr>\n<td>Aprobado por la FDA<\/td>\n<td>S\u00ed<\/td>\n<\/tr>\n<tr>\n<td>Estilo gorra<\/td>\n<td>Tapa de corcho, cubierta de aluminio<\/td>\n<\/tr>\n<\/tbody>\n<\/table>","protected":false},"excerpt":{"rendered":"<p>M\u00e1s grande y m\u00e1s fuerte<br \/>\nTienen un fondo rebajado<br \/>\nParedes m\u00e1s gruesas para soportar la enorme presi\u00f3n dentro de la botella<\/p>","protected":false},"featured_media":3859,"comment_status":"open","ping_status":"closed","template":"","meta":{"_seopress_robots_primary_cat":"none","_seopress_titles_title":"Champagne Glass Wine Bottle - Maidao Glass","_seopress_titles_desc":"The Champagne Bottle is a bottle designed specifically for Champagne. These bottles are generally larger and stronger, and often have a recessed bottom and thicker walls to withstand the enormous pressure inside the bottle. Of course, in addition to Champagne, some other sparkling wine makers also use Champagne bottles to serve their sparkling wines.","_seopress_robots_index":""},"product_brand":[],"product_cat":[41],"product_tag":[],"class_list":{"0":"post-3858","1":"product","2":"type-product","3":"status-publish","4":"has-post-thumbnail","6":"product_cat-wine-bottle","8":"first","9":"instock","10":"shipping-taxable","11":"product-type-simple"},"_links":{"self":[{"href":"https:\/\/www.maidaoglass.com\/es\/wp-json\/wp\/v2\/product\/3858","targetHints":{"allow":["GET"]}}],"collection":[{"href":"https:\/\/www.maidaoglass.com\/es\/wp-json\/wp\/v2\/product"}],"about":[{"href":"https:\/\/www.maidaoglass.com\/es\/wp-json\/wp\/v2\/types\/product"}],"replies":[{"embeddable":true,"href":"https:\/\/www.maidaoglass.com\/es\/wp-json\/wp\/v2\/comments?post=3858"}],"version-history":[{"count":0,"href":"https:\/\/www.maidaoglass.com\/es\/wp-json\/wp\/v2\/product\/3858\/revisions"}],"wp:featuredmedia":[{"embeddable":true,"href":"https:\/\/www.maidaoglass.com\/es\/wp-json\/wp\/v2\/media\/3859"}],"wp:attachment":[{"href":"https:\/\/www.maidaoglass.com\/es\/wp-json\/wp\/v2\/media?parent=3858"}],"wp:term":[{"taxonomy":"product_brand","embeddable":true,"href":"https:\/\/www.maidaoglass.com\/es\/wp-json\/wp\/v2\/product_brand?post=3858"},{"taxonomy":"product_cat","embeddable":true,"href":"https:\/\/www.maidaoglass.com\/es\/wp-json\/wp\/v2\/product_cat?post=3858"},{"taxonomy":"product_tag","embeddable":true,"href":"https:\/\/www.maidaoglass.com\/es\/wp-json\/wp\/v2\/product_tag?post=3858"}],"curies":[{"name":"wp","href":"https:\/\/api.w.org\/{rel}","templated":true}]}}