{"id":3888,"date":"2021-11-22T02:28:28","date_gmt":"2021-11-22T02:28:28","guid":{"rendered":"https:\/\/www.maidaoglass.com\/?post_type=product&#038;p=3888"},"modified":"2021-11-22T02:37:11","modified_gmt":"2021-11-22T02:37:11","slug":"botella-de-vidrio-redonda-para-bebidas","status":"publish","type":"product","link":"https:\/\/www.maidaoglass.com\/es\/vidrio\/botella-de-vidrio-redonda-para-bebidas\/","title":{"rendered":"Botella de vidrio redonda para bebidas"},"content":{"rendered":"<p>Son perfectos para almacenar agua para beber, zumos, batidos o como tarro herm\u00e9tico para salsas de cocina y aceites esenciales.<\/p>\n<p>Util\u00edzalos para organizar f\u00e1cilmente la nevera o ll\u00e9valos contigo al gimnasio, a la oficina, de picnic o dondequiera que te lleve la vida. Aptos para l\u00edquidos fr\u00edos y calientes.<\/p>\n<table width=\"0\">\n<tbody>\n<tr>\n<td>Capacidad<\/td>\n<td>250 ml 350 ml 500 ml<\/td>\n<\/tr>\n<tr>\n<td>Estilo botella<\/td>\n<td>Forma redonda<\/td>\n<\/tr>\n<tr>\n<td>Color<\/td>\n<td>Claro<\/td>\n<\/tr>\n<tr>\n<td>Material<\/td>\n<td>Vidrio Flint<\/td>\n<\/tr>\n<tr>\n<td>Aprobado por la FDA<\/td>\n<td>S\u00ed<\/td>\n<\/tr>\n<tr>\n<td>Estilo gorra<\/td>\n<td>Tapa de aluminio<\/td>\n<\/tr>\n<\/tbody>\n<\/table>","protected":false},"excerpt":{"rendered":"<p>Material de vidrio de alta calidad seleccionado, adecuado tanto para bebidas fr\u00edas como calientes.<br \/>\nEl vidrio es m\u00e1s sano. Adopta vidrio de color primario que no se decolora, dise\u00f1o redondo y de boca ancha, que puede ser reciclado y bajo en carbono.<br \/>\nMaterial de corcho de calidad alimentaria para garantizar que las bebidas no se contaminen.No es f\u00e1cil de volcar y no raya la mesa.<\/p>","protected":false},"featured_media":3889,"comment_status":"open","ping_status":"closed","template":"","meta":{"_seopress_robots_primary_cat":"none","_seopress_titles_title":"Fat Round Beverage Glass Bottle - Maidao Glass","_seopress_titles_desc":"Fat Round Beverage Glass Bottle, Food grade material cork to ensure that drinks are not contaminated.not easy to dump and does not scratch the table.","_seopress_robots_index":""},"product_brand":[],"product_cat":[44],"product_tag":[],"class_list":{"0":"post-3888","1":"product","2":"type-product","3":"status-publish","4":"has-post-thumbnail","6":"product_cat-glass-juice-bottles","8":"first","9":"instock","10":"shipping-taxable","11":"product-type-simple"},"_links":{"self":[{"href":"https:\/\/www.maidaoglass.com\/es\/wp-json\/wp\/v2\/product\/3888","targetHints":{"allow":["GET"]}}],"collection":[{"href":"https:\/\/www.maidaoglass.com\/es\/wp-json\/wp\/v2\/product"}],"about":[{"href":"https:\/\/www.maidaoglass.com\/es\/wp-json\/wp\/v2\/types\/product"}],"replies":[{"embeddable":true,"href":"https:\/\/www.maidaoglass.com\/es\/wp-json\/wp\/v2\/comments?post=3888"}],"version-history":[{"count":0,"href":"https:\/\/www.maidaoglass.com\/es\/wp-json\/wp\/v2\/product\/3888\/revisions"}],"wp:featuredmedia":[{"embeddable":true,"href":"https:\/\/www.maidaoglass.com\/es\/wp-json\/wp\/v2\/media\/3889"}],"wp:attachment":[{"href":"https:\/\/www.maidaoglass.com\/es\/wp-json\/wp\/v2\/media?parent=3888"}],"wp:term":[{"taxonomy":"product_brand","embeddable":true,"href":"https:\/\/www.maidaoglass.com\/es\/wp-json\/wp\/v2\/product_brand?post=3888"},{"taxonomy":"product_cat","embeddable":true,"href":"https:\/\/www.maidaoglass.com\/es\/wp-json\/wp\/v2\/product_cat?post=3888"},{"taxonomy":"product_tag","embeddable":true,"href":"https:\/\/www.maidaoglass.com\/es\/wp-json\/wp\/v2\/product_tag?post=3888"}],"curies":[{"name":"wp","href":"https:\/\/api.w.org\/{rel}","templated":true}]}}