{"id":3893,"date":"2021-11-22T02:56:03","date_gmt":"2021-11-22T02:56:03","guid":{"rendered":"https:\/\/www.maidaoglass.com\/?post_type=product&#038;p=3893"},"modified":"2021-11-22T03:08:03","modified_gmt":"2021-11-22T03:08:03","slug":"botella-de-vidrio-cuadrada-redonda-para-bebidas","status":"publish","type":"product","link":"https:\/\/www.maidaoglass.com\/es\/vidrio\/botella-de-vidrio-cuadrada-redonda-para-bebidas\/","title":{"rendered":"Botella cuadrada de vidrio para bebidas"},"content":{"rendered":"<p>SIRVA CUALQUIER BEBIDA O REFRESCO: Util\u00edcelo como elegante decantador de vino o como jarra de mesa para agua, zumo, leche, t\u00e9 helado, limonada, c\u00f3cteles, batidos y mucho m\u00e1s. El recipiente multiusos definitivo para servir en cualquier cocina.<\/p>\n<p>F\u00c1CIL DE LIMPIAR, APTA PARA LAVAVAJILLAS: Cuando termines de cenar, puedes lavar f\u00e1cilmente la jarra a mano o meterla en el lavavajillas junto con el resto de la vajilla para mantenerla sin esfuerzo.<\/p>\n<table width=\"0\">\n<tbody>\n<tr>\n<td>Capacidad<\/td>\n<td>250 ml 500 ml<\/td>\n<\/tr>\n<tr>\n<td>Estilo botella<\/td>\n<td>Forma cuadrada<\/td>\n<\/tr>\n<tr>\n<td>Color<\/td>\n<td>Claro<\/td>\n<\/tr>\n<tr>\n<td>Material<\/td>\n<td>Vidrio Flint<\/td>\n<\/tr>\n<tr>\n<td>Aprobado por la FDA<\/td>\n<td>S\u00ed<\/td>\n<\/tr>\n<tr>\n<td>Estilo gorra<\/td>\n<td>Corcho, tapa de aluminio<\/td>\n<\/tr>\n<\/tbody>\n<\/table>","protected":false},"excerpt":{"rendered":"<p>Forma cuadrada cl\u00e1sica, ahorra espacio de almacenamiento<br \/>\nAmplio espacio para facilitar el etiquetado<br \/>\nDos tipos de tapa de madera a juego y tapa de aluminio<\/p>","protected":false},"featured_media":3895,"comment_status":"open","ping_status":"closed","template":"","meta":{"_seopress_robots_primary_cat":"none","_seopress_titles_title":"Square Beverage Glass Bottle - Maidao Glass","_seopress_titles_desc":"Square Beverage Glass Bottle, Use as an elegant wine decanter, or as a table pitcher for water, juice, milk, iced tea, lemonade, cocktails, smoothies and much more! The ultimate all-purpose serving container for any kitchen.","_seopress_robots_index":""},"product_brand":[],"product_cat":[44],"product_tag":[],"class_list":{"0":"post-3893","1":"product","2":"type-product","3":"status-publish","4":"has-post-thumbnail","6":"product_cat-glass-juice-bottles","8":"first","9":"instock","10":"shipping-taxable","11":"product-type-simple"},"_links":{"self":[{"href":"https:\/\/www.maidaoglass.com\/es\/wp-json\/wp\/v2\/product\/3893","targetHints":{"allow":["GET"]}}],"collection":[{"href":"https:\/\/www.maidaoglass.com\/es\/wp-json\/wp\/v2\/product"}],"about":[{"href":"https:\/\/www.maidaoglass.com\/es\/wp-json\/wp\/v2\/types\/product"}],"replies":[{"embeddable":true,"href":"https:\/\/www.maidaoglass.com\/es\/wp-json\/wp\/v2\/comments?post=3893"}],"version-history":[{"count":0,"href":"https:\/\/www.maidaoglass.com\/es\/wp-json\/wp\/v2\/product\/3893\/revisions"}],"wp:featuredmedia":[{"embeddable":true,"href":"https:\/\/www.maidaoglass.com\/es\/wp-json\/wp\/v2\/media\/3895"}],"wp:attachment":[{"href":"https:\/\/www.maidaoglass.com\/es\/wp-json\/wp\/v2\/media?parent=3893"}],"wp:term":[{"taxonomy":"product_brand","embeddable":true,"href":"https:\/\/www.maidaoglass.com\/es\/wp-json\/wp\/v2\/product_brand?post=3893"},{"taxonomy":"product_cat","embeddable":true,"href":"https:\/\/www.maidaoglass.com\/es\/wp-json\/wp\/v2\/product_cat?post=3893"},{"taxonomy":"product_tag","embeddable":true,"href":"https:\/\/www.maidaoglass.com\/es\/wp-json\/wp\/v2\/product_tag?post=3893"}],"curies":[{"name":"wp","href":"https:\/\/api.w.org\/{rel}","templated":true}]}}