{"id":3952,"date":"2021-11-23T05:37:07","date_gmt":"2021-11-23T05:37:07","guid":{"rendered":"https:\/\/www.maidaoglass.com\/?post_type=product&#038;p=3952"},"modified":"2021-11-23T05:38:24","modified_gmt":"2021-11-23T05:38:24","slug":"botella-de-vidrio-redonda-boston-azul","status":"publish","type":"product","link":"https:\/\/www.maidaoglass.com\/es\/vidrio\/botella-de-vidrio-redonda-boston-azul\/","title":{"rendered":"Botella de vidrio redonda Boston azul"},"content":{"rendered":"<p>La botella de vidrio redonda Boston es una botella s\u00f3lida y resistente, que suele utilizarse para f\u00e1rmacos o productos qu\u00edmicos. Est\u00e1 disponible en una gran variedad de colores y tama\u00f1os, y es perfecta para almacenar aceites, champ\u00fa y jab\u00f3n de manos, as\u00ed como para productos cosm\u00e9ticos.<\/p>\n<p>Los colores m\u00e1s oscuros, como el \u00e1mbar, son beneficiosos para almacenar l\u00edquidos como aceites esenciales. El tono \u00e1mbar oscuro bloquea los rayos UV, lo que alargar\u00e1 la vida del producto.<\/p>\n<p>Los distintos tama\u00f1os de cuello del envase Boston Round permiten muchas opciones de cierre, incluidos los revestimientos de plastisol met\u00e1lico para un aspecto m\u00e1s industrial. Llame la atenci\u00f3n de los clientes a\u00f1adiendo uno de nuestros tapones de pl\u00e1stico acanalado\/espuma lisa o de sellado sensible a la presi\u00f3n para dar un acabado farmac\u00e9utico, profesional y limpio. Sea cual sea el tipo de cuentagotas, tap\u00f3n de pl\u00e1stico o de metal que elija, nuestros cierres a prueba de fugas mantendr\u00e1n su producto seguro y fresco (los tapones se venden por separado).<\/p>\n<table width=\"0\">\n<tbody>\n<tr>\n<td>Capacidad<\/td>\n<td>15ml 30ml 60ml 120ml 240ml 480ml 960ml<\/td>\n<\/tr>\n<tr>\n<td>Estilo botella<\/td>\n<td>Forma redonda<\/td>\n<\/tr>\n<tr>\n<td>Color<\/td>\n<td>\u00c1mbar, Azul, Verde, Transparente<\/td>\n<\/tr>\n<tr>\n<td>Material<\/td>\n<td>Vidrio Flint<\/td>\n<\/tr>\n<tr>\n<td>Aprobado por la FDA<\/td>\n<td>S\u00ed<\/td>\n<\/tr>\n<tr>\n<td>Estilo gorra<\/td>\n<td>Corcho, tapa de aluminio<\/td>\n<\/tr>\n<\/tbody>\n<\/table>","protected":false},"excerpt":{"rendered":"<p>La botella de vidrio redonda Boston se utiliza a menudo en la industria qu\u00edmica y farmac\u00e9utica.<br \/>\nViene en una gama de colores surtidos<br \/>\nLos colores m\u00e1s oscuros (como el \u00e1mbar) son ideales para los productos que necesitan protecci\u00f3n contra los rayos UV, como los l\u00edquidos y los aceites esenciales.<br \/>\nRecipiente perfecto para guardar todo tipo de productos como jab\u00f3n de manos, lociones y aceites<\/p>","protected":false},"featured_media":3953,"comment_status":"open","ping_status":"closed","template":"","meta":{"_seopress_robots_primary_cat":"none","_seopress_titles_title":"Boston Round Glass Bottle Amber  - Maidao Glass","_seopress_titles_desc":"The varying neck sizes of the Boston Round container provide for many options of closures, including metal plastisol liners for a more industrial look. Catch customers attention by adding one of our plastic-ribbed \/ smooth foam or pressure-sensitive seal liner caps to give a pharmaceutical, professional, clean finish. Whatever the choice of dropper, plastic or metal cap you choose, our leak proof closures are sure to keep your product safe and fresh","_seopress_robots_index":""},"product_brand":[],"product_cat":[43],"product_tag":[],"class_list":{"0":"post-3952","1":"product","2":"type-product","3":"status-publish","4":"has-post-thumbnail","6":"product_cat-boston-round-glass-bottles","8":"first","9":"instock","10":"shipping-taxable","11":"product-type-simple"},"_links":{"self":[{"href":"https:\/\/www.maidaoglass.com\/es\/wp-json\/wp\/v2\/product\/3952","targetHints":{"allow":["GET"]}}],"collection":[{"href":"https:\/\/www.maidaoglass.com\/es\/wp-json\/wp\/v2\/product"}],"about":[{"href":"https:\/\/www.maidaoglass.com\/es\/wp-json\/wp\/v2\/types\/product"}],"replies":[{"embeddable":true,"href":"https:\/\/www.maidaoglass.com\/es\/wp-json\/wp\/v2\/comments?post=3952"}],"version-history":[{"count":0,"href":"https:\/\/www.maidaoglass.com\/es\/wp-json\/wp\/v2\/product\/3952\/revisions"}],"wp:featuredmedia":[{"embeddable":true,"href":"https:\/\/www.maidaoglass.com\/es\/wp-json\/wp\/v2\/media\/3953"}],"wp:attachment":[{"href":"https:\/\/www.maidaoglass.com\/es\/wp-json\/wp\/v2\/media?parent=3952"}],"wp:term":[{"taxonomy":"product_brand","embeddable":true,"href":"https:\/\/www.maidaoglass.com\/es\/wp-json\/wp\/v2\/product_brand?post=3952"},{"taxonomy":"product_cat","embeddable":true,"href":"https:\/\/www.maidaoglass.com\/es\/wp-json\/wp\/v2\/product_cat?post=3952"},{"taxonomy":"product_tag","embeddable":true,"href":"https:\/\/www.maidaoglass.com\/es\/wp-json\/wp\/v2\/product_tag?post=3952"}],"curies":[{"name":"wp","href":"https:\/\/api.w.org\/{rel}","templated":true}]}}