{"id":3970,"date":"2021-11-23T06:01:49","date_gmt":"2021-11-23T06:01:49","guid":{"rendered":"https:\/\/www.maidaoglass.com\/?post_type=product&#038;p=3970"},"modified":"2021-11-23T06:02:11","modified_gmt":"2021-11-23T06:02:11","slug":"botella-de-agua-de-vidrio-esmerilado-con-tapa-de-plastico","status":"publish","type":"product","link":"https:\/\/www.maidaoglass.com\/es\/vidrio\/botella-de-agua-de-vidrio-esmerilado-con-tapa-de-plastico\/","title":{"rendered":"Botella de agua de vidrio esmerilado con tapa de pl\u00e1stico"},"content":{"rendered":"<p>Botella de agua de vidrio esmerilado con tapa de pl\u00e1stico, cada tap\u00f3n est\u00e1 revestido con una junta t\u00f3rica de silicona, por lo que nunca dejar\u00e1 fugas en su coche o bolso, independientemente de c\u00f3mo coloque la botella.<\/p>\n<p>\u00bfEN QU\u00c9 TE AYUDA? Son perfectos para guardar agua para beber, zumos, batidos o como tarro herm\u00e9tico para salsas de cocina y aceites esenciales. Util\u00edzalos para organizar f\u00e1cilmente la nevera o ll\u00e9valos contigo al gimnasio, a la oficina, de picnic o dondequiera que te lleve la vida. Aptos para l\u00edquidos fr\u00edos y calientes.<\/p>\n<table width=\"0\">\n<tbody>\n<tr>\n<td>Capacidad<\/td>\n<td>350 ml, 500 ml<\/td>\n<\/tr>\n<tr>\n<td>Estilo botella<\/td>\n<td>Forma redonda<\/td>\n<\/tr>\n<tr>\n<td>Color<\/td>\n<td>Claro<\/td>\n<\/tr>\n<tr>\n<td>Material<\/td>\n<td>Vidrio Flint<\/td>\n<\/tr>\n<tr>\n<td>Aprobado por la FDA<\/td>\n<td>S\u00ed<\/td>\n<\/tr>\n<tr>\n<td>Estilo gorra<\/td>\n<td>Tapa de pl\u00e1stico<\/td>\n<\/tr>\n<\/tbody>\n<\/table>","protected":false},"excerpt":{"rendered":"<p>Material de vidrio de alta calidad seleccionado, apto para bebidas fr\u00edas y calientes<br \/>\nEl vidrio es m\u00e1s sano. Adopta el proceso de esmerilado, m\u00e1s beautfull redondo y dise\u00f1o de boca ancha, que puede ser reciclado y baja en carbono.<br \/>\nTapa de pl\u00e1stico con asa<\/p>","protected":false},"featured_media":3972,"comment_status":"open","ping_status":"closed","template":"","meta":{"_seopress_robots_primary_cat":"none","_seopress_titles_title":"Frosted Glass Water Bottle With Plastic Lid - Maidao Glass","_seopress_titles_desc":"Frosted Glass Water Bottle With Plastic Lid, Each cap is lined with a silicone O-ring so it will never leave a leaky mess in your car or bag, no matter how you place the bottle.","_seopress_robots_index":""},"product_brand":[],"product_cat":[46],"product_tag":[],"class_list":{"0":"post-3970","1":"product","2":"type-product","3":"status-publish","4":"has-post-thumbnail","6":"product_cat-glass-water-bottles","8":"first","9":"instock","10":"shipping-taxable","11":"product-type-simple"},"_links":{"self":[{"href":"https:\/\/www.maidaoglass.com\/es\/wp-json\/wp\/v2\/product\/3970","targetHints":{"allow":["GET"]}}],"collection":[{"href":"https:\/\/www.maidaoglass.com\/es\/wp-json\/wp\/v2\/product"}],"about":[{"href":"https:\/\/www.maidaoglass.com\/es\/wp-json\/wp\/v2\/types\/product"}],"replies":[{"embeddable":true,"href":"https:\/\/www.maidaoglass.com\/es\/wp-json\/wp\/v2\/comments?post=3970"}],"version-history":[{"count":0,"href":"https:\/\/www.maidaoglass.com\/es\/wp-json\/wp\/v2\/product\/3970\/revisions"}],"wp:featuredmedia":[{"embeddable":true,"href":"https:\/\/www.maidaoglass.com\/es\/wp-json\/wp\/v2\/media\/3972"}],"wp:attachment":[{"href":"https:\/\/www.maidaoglass.com\/es\/wp-json\/wp\/v2\/media?parent=3970"}],"wp:term":[{"taxonomy":"product_brand","embeddable":true,"href":"https:\/\/www.maidaoglass.com\/es\/wp-json\/wp\/v2\/product_brand?post=3970"},{"taxonomy":"product_cat","embeddable":true,"href":"https:\/\/www.maidaoglass.com\/es\/wp-json\/wp\/v2\/product_cat?post=3970"},{"taxonomy":"product_tag","embeddable":true,"href":"https:\/\/www.maidaoglass.com\/es\/wp-json\/wp\/v2\/product_tag?post=3970"}],"curies":[{"name":"wp","href":"https:\/\/api.w.org\/{rel}","templated":true}]}}