{"id":4006,"date":"2021-11-23T06:43:18","date_gmt":"2021-11-23T06:43:18","guid":{"rendered":"https:\/\/www.maidaoglass.com\/?post_type=product&#038;p=4006"},"modified":"2021-11-23T06:55:00","modified_gmt":"2021-11-23T06:55:00","slug":"botella-de-agua-cuadrada-de-cristal","status":"publish","type":"product","link":"https:\/\/www.maidaoglass.com\/es\/vidrio\/botella-de-agua-cuadrada-de-cristal\/","title":{"rendered":"Botella de vidrio cuadrada"},"content":{"rendered":"<p>Botella de vidrio cuadrada<\/p>\n<p>M\u00daLTIPLES USOS: Perfecto para t\u00e9 de hojas sueltas, infusiones de frutas, caf\u00e9 org\u00e1nico, cacao o agua aromatizada. Disfrutar en casa o sobre la marcha, el trabajo o el juego.<br \/>\nINSPIRA, CONECTA, AMA: Con un dise\u00f1o y un mantra sutiles, hermosos y sin logotipos para inspirar e infundir presencia y conexi\u00f3n en tu d\u00eda a d\u00eda. Vive una vida m\u00e1s conmovedora, conectada y alineada; saludable para el medio ambiente y tu cuerpo.<br \/>\nSANO Y ECOL\u00d3GICO: Sin pl\u00e1sticos nocivos, olores qu\u00edmicos ni toxinas.<br \/>\nLL\u00c9VE SU BEBIDA FAVORITA CON USTED: \u00a1Con nuestro infusor de t\u00e9, puede preparar sus hojas de t\u00e9 sueltas favoritas, utilizarlo como botella de agua infusora de frutas o incluso preparar bebidas de hierbas y caf\u00e9 en fr\u00edo! El creativo vaso de cristal te dar\u00e1 energ\u00eda durante todo el d\u00eda est\u00e9s donde est\u00e9s y ll\u00e9vatelo al coche, a la oficina o de viaje.<\/p>\n<table width=\"0\">\n<tbody>\n<tr>\n<td>Capacidad<\/td>\n<td>350 ml, 420 ml, 500 ml<\/td>\n<\/tr>\n<tr>\n<td>Estilo botella<\/td>\n<td>Forma cuadrada<\/td>\n<\/tr>\n<tr>\n<td>Color<\/td>\n<td>Claro<\/td>\n<\/tr>\n<tr>\n<td>Material<\/td>\n<td>Vaso SODA-LIME<\/td>\n<\/tr>\n<tr>\n<td>Aprobado por la FDA<\/td>\n<td>S\u00ed<\/td>\n<\/tr>\n<tr>\n<td>Estilo gorra<\/td>\n<td>Tapas de aluminio y acero inoxidable<\/td>\n<\/tr>\n<\/tbody>\n<\/table>","protected":false},"excerpt":{"rendered":"<p>Invertido sin fugas. El tap\u00f3n de la botella est\u00e1 bien combinado y tiene un sello fuerte.<br \/>\nEspesar el fondo de la botella. El fondo de la botella est\u00e1 engrosado con antideslizante, antideslizante y resistente a la ca\u00edda.<br \/>\nTapas de aluminio y acero inoxidable<\/p>","protected":false},"featured_media":4007,"comment_status":"open","ping_status":"closed","template":"","meta":{"_seopress_robots_primary_cat":"none","_seopress_titles_title":"Square Glass Water Bottle - Maidao Glass","_seopress_titles_desc":"Square Glass Water Bottle, Inverted without leaking. The bottle cap is tightly combined and has a strong seal. ","_seopress_robots_index":""},"product_brand":[],"product_cat":[46],"product_tag":[],"class_list":{"0":"post-4006","1":"product","2":"type-product","3":"status-publish","4":"has-post-thumbnail","6":"product_cat-glass-water-bottles","8":"first","9":"instock","10":"shipping-taxable","11":"product-type-simple"},"_links":{"self":[{"href":"https:\/\/www.maidaoglass.com\/es\/wp-json\/wp\/v2\/product\/4006","targetHints":{"allow":["GET"]}}],"collection":[{"href":"https:\/\/www.maidaoglass.com\/es\/wp-json\/wp\/v2\/product"}],"about":[{"href":"https:\/\/www.maidaoglass.com\/es\/wp-json\/wp\/v2\/types\/product"}],"replies":[{"embeddable":true,"href":"https:\/\/www.maidaoglass.com\/es\/wp-json\/wp\/v2\/comments?post=4006"}],"version-history":[{"count":0,"href":"https:\/\/www.maidaoglass.com\/es\/wp-json\/wp\/v2\/product\/4006\/revisions"}],"wp:featuredmedia":[{"embeddable":true,"href":"https:\/\/www.maidaoglass.com\/es\/wp-json\/wp\/v2\/media\/4007"}],"wp:attachment":[{"href":"https:\/\/www.maidaoglass.com\/es\/wp-json\/wp\/v2\/media?parent=4006"}],"wp:term":[{"taxonomy":"product_brand","embeddable":true,"href":"https:\/\/www.maidaoglass.com\/es\/wp-json\/wp\/v2\/product_brand?post=4006"},{"taxonomy":"product_cat","embeddable":true,"href":"https:\/\/www.maidaoglass.com\/es\/wp-json\/wp\/v2\/product_cat?post=4006"},{"taxonomy":"product_tag","embeddable":true,"href":"https:\/\/www.maidaoglass.com\/es\/wp-json\/wp\/v2\/product_tag?post=4006"}],"curies":[{"name":"wp","href":"https:\/\/api.w.org\/{rel}","templated":true}]}}