{"id":4035,"date":"2021-11-24T04:48:12","date_gmt":"2021-11-24T04:48:12","guid":{"rendered":"https:\/\/www.maidaoglass.com\/?post_type=product&#038;p=4035"},"modified":"2021-11-24T04:53:22","modified_gmt":"2021-11-24T04:53:22","slug":"frasco-de-perfume-cuadrado-alto","status":"publish","type":"product","link":"https:\/\/www.maidaoglass.com\/es\/vidrio\/frasco-de-perfume-cuadrado-alto\/","title":{"rendered":"Frasco de perfume cuadrado alto"},"content":{"rendered":"<p>Botella de perfume cuadrada alta est\u00e1 hecha de vidrio medicinal, que es hermoso y de moda. Peque\u00f1o y port\u00e1til.<\/p>\n<table width=\"0\">\n<tbody>\n<tr>\n<td>Capacidad<\/td>\n<td>5ml 10ml 18ml 30ml<\/td>\n<\/tr>\n<tr>\n<td>Estilo botella<\/td>\n<td>Forma plana<\/td>\n<\/tr>\n<tr>\n<td>Color<\/td>\n<td>Claro<\/td>\n<\/tr>\n<tr>\n<td>Material<\/td>\n<td>Vidrio Super Flint<\/td>\n<\/tr>\n<tr>\n<td>Aprobado por la FDA<\/td>\n<td>S\u00ed<\/td>\n<\/tr>\n<tr>\n<td>Estilo gorra<\/td>\n<td>Aluminio anodizado en spray<\/td>\n<\/tr>\n<\/tbody>\n<\/table>","protected":false},"excerpt":{"rendered":"<p>Espesa el coj\u00edn interior, se niega a volatilizarse, se niega a gotear<br \/>\nLa tapa interior tiene un dise\u00f1o antideslizante de silicona herm\u00e9tica, que a\u00f1ade una l\u00ednea de sellado al perfume.<br \/>\nBoquilla electroqu\u00edmica de aluminio, duradera<\/p>","protected":false},"featured_media":4036,"comment_status":"open","ping_status":"closed","template":"","meta":{"_seopress_robots_primary_cat":"none","_seopress_titles_title":"High Square Perfume Bottle - Maidao Glass","_seopress_titles_desc":"High Square Perfume Bottle is made of medicinal glass, which is beautiful and fashionable. Small and portable.","_seopress_robots_index":""},"product_brand":[],"product_cat":[50],"product_tag":[],"class_list":{"0":"post-4035","1":"product","2":"type-product","3":"status-publish","4":"has-post-thumbnail","6":"product_cat-glass-perfume-bottles","8":"first","9":"instock","10":"shipping-taxable","11":"product-type-simple"},"_links":{"self":[{"href":"https:\/\/www.maidaoglass.com\/es\/wp-json\/wp\/v2\/product\/4035","targetHints":{"allow":["GET"]}}],"collection":[{"href":"https:\/\/www.maidaoglass.com\/es\/wp-json\/wp\/v2\/product"}],"about":[{"href":"https:\/\/www.maidaoglass.com\/es\/wp-json\/wp\/v2\/types\/product"}],"replies":[{"embeddable":true,"href":"https:\/\/www.maidaoglass.com\/es\/wp-json\/wp\/v2\/comments?post=4035"}],"version-history":[{"count":0,"href":"https:\/\/www.maidaoglass.com\/es\/wp-json\/wp\/v2\/product\/4035\/revisions"}],"wp:featuredmedia":[{"embeddable":true,"href":"https:\/\/www.maidaoglass.com\/es\/wp-json\/wp\/v2\/media\/4036"}],"wp:attachment":[{"href":"https:\/\/www.maidaoglass.com\/es\/wp-json\/wp\/v2\/media?parent=4035"}],"wp:term":[{"taxonomy":"product_brand","embeddable":true,"href":"https:\/\/www.maidaoglass.com\/es\/wp-json\/wp\/v2\/product_brand?post=4035"},{"taxonomy":"product_cat","embeddable":true,"href":"https:\/\/www.maidaoglass.com\/es\/wp-json\/wp\/v2\/product_cat?post=4035"},{"taxonomy":"product_tag","embeddable":true,"href":"https:\/\/www.maidaoglass.com\/es\/wp-json\/wp\/v2\/product_tag?post=4035"}],"curies":[{"name":"wp","href":"https:\/\/api.w.org\/{rel}","templated":true}]}}