{"id":4040,"date":"2021-11-24T05:41:46","date_gmt":"2021-11-24T05:41:46","guid":{"rendered":"https:\/\/www.maidaoglass.com\/?post_type=product&#038;p=4040"},"modified":"2021-11-24T05:44:23","modified_gmt":"2021-11-24T05:44:23","slug":"frasco-de-vidrio-para-perfume-en-forma-de-gota-de-agua","status":"publish","type":"product","link":"https:\/\/www.maidaoglass.com\/es\/vidrio\/frasco-de-vidrio-para-perfume-en-forma-de-gota-de-agua\/","title":{"rendered":"Botella de cristal para perfume en forma de gota de agua"},"content":{"rendered":"<p>La botella de vidrio para perfume en forma de gota de agua est\u00e1 hecha de vidrio medicinal, que es hermoso y de moda. Peque\u00f1o y port\u00e1til.<\/p>\n<table width=\"0\">\n<tbody>\n<tr>\n<td>Capacidad<\/td>\n<td>30ml 60ml 100ml<\/td>\n<\/tr>\n<tr>\n<td>Estilo botella<\/td>\n<td>Forma de gota de agua<\/td>\n<\/tr>\n<tr>\n<td>Color<\/td>\n<td>Claro<\/td>\n<\/tr>\n<tr>\n<td>Material<\/td>\n<td>Vidrio Super Flint<\/td>\n<\/tr>\n<tr>\n<td>Aprobado por la FDA<\/td>\n<td>S\u00ed<\/td>\n<\/tr>\n<tr>\n<td>Estilo gorra<\/td>\n<td>Aluminio anodizado en spray<\/td>\n<\/tr>\n<\/tbody>\n<\/table>","protected":false},"excerpt":{"rendered":"<p>La forma es atractiva y muy popular<br \/>\nPeque\u00f1o y port\u00e1til<br \/>\nDise\u00f1o sellado, no te preocupes por las fugas<\/p>","protected":false},"featured_media":4041,"comment_status":"open","ping_status":"closed","template":"","meta":{"_seopress_robots_primary_cat":"none","_seopress_titles_title":"Water Drop Shape Perfume Glass Bottle - Maidao Glass","_seopress_titles_desc":"Water Drop Shape Perfume Glass Bottle is made of medicinal glass, which is beautiful and fashionable. Small and portable.","_seopress_robots_index":""},"product_brand":[],"product_cat":[50],"product_tag":[],"class_list":{"0":"post-4040","1":"product","2":"type-product","3":"status-publish","4":"has-post-thumbnail","6":"product_cat-glass-perfume-bottles","8":"first","9":"instock","10":"shipping-taxable","11":"product-type-simple"},"_links":{"self":[{"href":"https:\/\/www.maidaoglass.com\/es\/wp-json\/wp\/v2\/product\/4040","targetHints":{"allow":["GET"]}}],"collection":[{"href":"https:\/\/www.maidaoglass.com\/es\/wp-json\/wp\/v2\/product"}],"about":[{"href":"https:\/\/www.maidaoglass.com\/es\/wp-json\/wp\/v2\/types\/product"}],"replies":[{"embeddable":true,"href":"https:\/\/www.maidaoglass.com\/es\/wp-json\/wp\/v2\/comments?post=4040"}],"version-history":[{"count":0,"href":"https:\/\/www.maidaoglass.com\/es\/wp-json\/wp\/v2\/product\/4040\/revisions"}],"wp:featuredmedia":[{"embeddable":true,"href":"https:\/\/www.maidaoglass.com\/es\/wp-json\/wp\/v2\/media\/4041"}],"wp:attachment":[{"href":"https:\/\/www.maidaoglass.com\/es\/wp-json\/wp\/v2\/media?parent=4040"}],"wp:term":[{"taxonomy":"product_brand","embeddable":true,"href":"https:\/\/www.maidaoglass.com\/es\/wp-json\/wp\/v2\/product_brand?post=4040"},{"taxonomy":"product_cat","embeddable":true,"href":"https:\/\/www.maidaoglass.com\/es\/wp-json\/wp\/v2\/product_cat?post=4040"},{"taxonomy":"product_tag","embeddable":true,"href":"https:\/\/www.maidaoglass.com\/es\/wp-json\/wp\/v2\/product_tag?post=4040"}],"curies":[{"name":"wp","href":"https:\/\/api.w.org\/{rel}","templated":true}]}}