{"id":4060,"date":"2021-11-24T06:11:40","date_gmt":"2021-11-24T06:11:40","guid":{"rendered":"https:\/\/www.maidaoglass.com\/?post_type=product&#038;p=4060"},"modified":"2021-11-24T06:14:08","modified_gmt":"2021-11-24T06:14:08","slug":"cosmeticos-para-el-cuidado-de-la-piel","status":"publish","type":"product","link":"https:\/\/www.maidaoglass.com\/es\/vidrio\/cosmeticos-para-el-cuidado-de-la-piel\/","title":{"rendered":"Cosm\u00e9ticos para el cuidado de la piel"},"content":{"rendered":"<p>Skin Care Cosmetic Set Embalaje uso de boquillas de niebla fina no es f\u00e1cil de fugas. Viajar es muy conveniente. Pr\u00e1ctico y c\u00f3modo.<\/p>\n<table width=\"0\">\n<tbody>\n<tr>\n<td>Capacidad<\/td>\n<td>40ml 100ml 120ml 30g 50g<\/td>\n<\/tr>\n<tr>\n<td>Estilo botella<\/td>\n<td>Redondo Redondo<\/td>\n<\/tr>\n<tr>\n<td>Color<\/td>\n<td>Claro<\/td>\n<\/tr>\n<tr>\n<td>Material<\/td>\n<td>Vidrio Super Flint<\/td>\n<\/tr>\n<tr>\n<td>Aprobado por la FDA<\/td>\n<td>S\u00ed<\/td>\n<\/tr>\n<tr>\n<td>Estilo gorra<\/td>\n<td>Aluminio anodizado en spray<\/td>\n<\/tr>\n<\/tbody>\n<\/table>","protected":false},"excerpt":{"rendered":"<p>Peque\u00f1o y port\u00e1til<br \/>\nBuena estanqueidad<br \/>\nMaterial de vidrio ecol\u00f3gico, seguro y no t\u00f3xico<\/p>","protected":false},"featured_media":4064,"comment_status":"open","ping_status":"closed","template":"","meta":{"_seopress_robots_primary_cat":"none","_seopress_titles_title":"Skin Care Cosmetic Set Packaging - Maidao Glass","_seopress_titles_desc":"Skin Care Cosmetic Set Packaging use of fine mist nozzles is not easy to leak. Traveling is very convenient. Both practical and convenient.","_seopress_robots_index":""},"product_brand":[],"product_cat":[50],"product_tag":[],"class_list":{"0":"post-4060","1":"product","2":"type-product","3":"status-publish","4":"has-post-thumbnail","6":"product_cat-glass-perfume-bottles","8":"first","9":"instock","10":"shipping-taxable","11":"product-type-simple"},"_links":{"self":[{"href":"https:\/\/www.maidaoglass.com\/es\/wp-json\/wp\/v2\/product\/4060","targetHints":{"allow":["GET"]}}],"collection":[{"href":"https:\/\/www.maidaoglass.com\/es\/wp-json\/wp\/v2\/product"}],"about":[{"href":"https:\/\/www.maidaoglass.com\/es\/wp-json\/wp\/v2\/types\/product"}],"replies":[{"embeddable":true,"href":"https:\/\/www.maidaoglass.com\/es\/wp-json\/wp\/v2\/comments?post=4060"}],"version-history":[{"count":0,"href":"https:\/\/www.maidaoglass.com\/es\/wp-json\/wp\/v2\/product\/4060\/revisions"}],"wp:featuredmedia":[{"embeddable":true,"href":"https:\/\/www.maidaoglass.com\/es\/wp-json\/wp\/v2\/media\/4064"}],"wp:attachment":[{"href":"https:\/\/www.maidaoglass.com\/es\/wp-json\/wp\/v2\/media?parent=4060"}],"wp:term":[{"taxonomy":"product_brand","embeddable":true,"href":"https:\/\/www.maidaoglass.com\/es\/wp-json\/wp\/v2\/product_brand?post=4060"},{"taxonomy":"product_cat","embeddable":true,"href":"https:\/\/www.maidaoglass.com\/es\/wp-json\/wp\/v2\/product_cat?post=4060"},{"taxonomy":"product_tag","embeddable":true,"href":"https:\/\/www.maidaoglass.com\/es\/wp-json\/wp\/v2\/product_tag?post=4060"}],"curies":[{"name":"wp","href":"https:\/\/api.w.org\/{rel}","templated":true}]}}