{"id":4065,"date":"2021-11-24T06:17:41","date_gmt":"2021-11-24T06:17:41","guid":{"rendered":"https:\/\/www.maidaoglass.com\/?post_type=product&#038;p=4065"},"modified":"2021-11-24T06:20:49","modified_gmt":"2021-11-24T06:20:49","slug":"frasco-de-vidrio-para-perfume-de-forma-cilindrica","status":"publish","type":"product","link":"https:\/\/www.maidaoglass.com\/es\/vidrio\/frasco-de-vidrio-para-perfume-de-forma-cilindrica\/","title":{"rendered":"Botella de vidrio para perfume con forma cil\u00edndrica"},"content":{"rendered":"<p>Forma cil\u00edndrica Perfume Botella de vidrio uso de boquillas de niebla fina no es f\u00e1cil tener fugas. Viajar es muy conveniente. A la vez pr\u00e1ctico y conveniente.<\/p>\n<table width=\"0\">\n<tbody>\n<tr>\n<td>Capacidad<\/td>\n<td>30ml 50ml 100ml<\/td>\n<\/tr>\n<tr>\n<td>Estilo botella<\/td>\n<td>Forma cil\u00edndrica<\/td>\n<\/tr>\n<tr>\n<td>Color<\/td>\n<td>Claro<\/td>\n<\/tr>\n<tr>\n<td>Material<\/td>\n<td>Vidrio Super Flint<\/td>\n<\/tr>\n<tr>\n<td>Aprobado por la FDA<\/td>\n<td>S\u00ed<\/td>\n<\/tr>\n<tr>\n<td>Estilo gorra<\/td>\n<td>Aluminio anodizado en spray<\/td>\n<\/tr>\n<\/tbody>\n<\/table>","protected":false},"excerpt":{"rendered":"<p>Peque\u00f1o y port\u00e1til<br \/>\nBuena estanqueidad<br \/>\nMaterial de vidrio ecol\u00f3gico, seguro y no t\u00f3xico<\/p>","protected":false},"featured_media":4066,"comment_status":"open","ping_status":"closed","template":"","meta":{"_seopress_robots_primary_cat":"none","_seopress_titles_title":"Cylindrical Shape Perfume Glass Bottle - Maidao Glass","_seopress_titles_desc":"Cylindrical Shape Perfume Glass Bottle use of fine mist nozzles is not easy to leak. Traveling is very convenient. Both practical and convenient.","_seopress_robots_index":""},"product_brand":[],"product_cat":[50],"product_tag":[],"class_list":{"0":"post-4065","1":"product","2":"type-product","3":"status-publish","4":"has-post-thumbnail","6":"product_cat-glass-perfume-bottles","8":"first","9":"instock","10":"shipping-taxable","11":"product-type-simple"},"_links":{"self":[{"href":"https:\/\/www.maidaoglass.com\/es\/wp-json\/wp\/v2\/product\/4065","targetHints":{"allow":["GET"]}}],"collection":[{"href":"https:\/\/www.maidaoglass.com\/es\/wp-json\/wp\/v2\/product"}],"about":[{"href":"https:\/\/www.maidaoglass.com\/es\/wp-json\/wp\/v2\/types\/product"}],"replies":[{"embeddable":true,"href":"https:\/\/www.maidaoglass.com\/es\/wp-json\/wp\/v2\/comments?post=4065"}],"version-history":[{"count":1,"href":"https:\/\/www.maidaoglass.com\/es\/wp-json\/wp\/v2\/product\/4065\/revisions"}],"predecessor-version":[{"id":4070,"href":"https:\/\/www.maidaoglass.com\/es\/wp-json\/wp\/v2\/product\/4065\/revisions\/4070"}],"wp:featuredmedia":[{"embeddable":true,"href":"https:\/\/www.maidaoglass.com\/es\/wp-json\/wp\/v2\/media\/4066"}],"wp:attachment":[{"href":"https:\/\/www.maidaoglass.com\/es\/wp-json\/wp\/v2\/media?parent=4065"}],"wp:term":[{"taxonomy":"product_brand","embeddable":true,"href":"https:\/\/www.maidaoglass.com\/es\/wp-json\/wp\/v2\/product_brand?post=4065"},{"taxonomy":"product_cat","embeddable":true,"href":"https:\/\/www.maidaoglass.com\/es\/wp-json\/wp\/v2\/product_cat?post=4065"},{"taxonomy":"product_tag","embeddable":true,"href":"https:\/\/www.maidaoglass.com\/es\/wp-json\/wp\/v2\/product_tag?post=4065"}],"curies":[{"name":"wp","href":"https:\/\/api.w.org\/{rel}","templated":true}]}}