{"id":4087,"date":"2021-11-24T06:57:58","date_gmt":"2021-11-24T06:57:58","guid":{"rendered":"https:\/\/www.maidaoglass.com\/?post_type=product&#038;p=4087"},"modified":"2021-11-24T07:00:54","modified_gmt":"2021-11-24T07:00:54","slug":"difusor-en-forma-de-yurta-botella-de-cristal","status":"publish","type":"product","link":"https:\/\/www.maidaoglass.com\/es\/vidrio\/difusor-en-forma-de-yurta-botella-de-cristal\/","title":{"rendered":"Difusor en forma de Yurta Botella de vidrio"},"content":{"rendered":"<p>Botella de Vidrio Difusora con Forma de Yurta, son perfectas para a\u00f1adir un toque decorativo a la decoraci\u00f3n de cualquier habitaci\u00f3n. Dise\u00f1ado para animar su difusor favorito emparejado con los aceites difusores de Hosley para embellecer la fragancia en el aire. Perfecto para uso diario, bodas, eventos, aromaterapia, Spa, Reiki, Meditaci\u00f3n, Ba\u00f1o.<\/p>\n<table width=\"0\">\n<tbody>\n<tr>\n<td>Capacidad<\/td>\n<td>50 ml, 90 ml, 110 ml, 150 ml, 250 ml<\/td>\n<\/tr>\n<tr>\n<td>Estilo botella<\/td>\n<td>Forma de yurta<\/td>\n<\/tr>\n<tr>\n<td>Color<\/td>\n<td>Claro<\/td>\n<\/tr>\n<tr>\n<td>Material<\/td>\n<td>Vidrio Super Flint<\/td>\n<\/tr>\n<tr>\n<td>Aprobado por la FDA<\/td>\n<td>S\u00ed<\/td>\n<\/tr>\n<tr>\n<td>Estilo gorra<\/td>\n<td><\/td>\n<\/tr>\n<\/tbody>\n<\/table>","protected":false},"excerpt":{"rendered":"<p>Botella de vidrio con tap\u00f3n, robusta, extremadamente transparente, s\u00f3lida, de fondo grueso y limpio<\/p>","protected":false},"featured_media":4088,"comment_status":"open","ping_status":"closed","template":"","meta":{"_seopress_robots_primary_cat":"none","_seopress_titles_title":"Yurt Shape Diffuser Glass Bottle - Maidao Glass","_seopress_titles_desc":"Yurt Shape Diffuser Glass Bottle, these are perfect for adding a decorative touch to any room\u2019s decor. Designed to perk up your favorite diffuser paired with Hosley\u2019s diffuser oils to beautify fragrance into the air. Perfect for everyday use, wedding, events, aromatherapy, Spa, Reiki, Meditation, Bathroom setting.","_seopress_robots_index":""},"product_brand":[],"product_cat":[53],"product_tag":[],"class_list":{"0":"post-4087","1":"product","2":"type-product","3":"status-publish","4":"has-post-thumbnail","6":"product_cat-glass-diffuser-bottles","8":"first","9":"instock","10":"shipping-taxable","11":"product-type-simple"},"_links":{"self":[{"href":"https:\/\/www.maidaoglass.com\/es\/wp-json\/wp\/v2\/product\/4087","targetHints":{"allow":["GET"]}}],"collection":[{"href":"https:\/\/www.maidaoglass.com\/es\/wp-json\/wp\/v2\/product"}],"about":[{"href":"https:\/\/www.maidaoglass.com\/es\/wp-json\/wp\/v2\/types\/product"}],"replies":[{"embeddable":true,"href":"https:\/\/www.maidaoglass.com\/es\/wp-json\/wp\/v2\/comments?post=4087"}],"version-history":[{"count":0,"href":"https:\/\/www.maidaoglass.com\/es\/wp-json\/wp\/v2\/product\/4087\/revisions"}],"wp:featuredmedia":[{"embeddable":true,"href":"https:\/\/www.maidaoglass.com\/es\/wp-json\/wp\/v2\/media\/4088"}],"wp:attachment":[{"href":"https:\/\/www.maidaoglass.com\/es\/wp-json\/wp\/v2\/media?parent=4087"}],"wp:term":[{"taxonomy":"product_brand","embeddable":true,"href":"https:\/\/www.maidaoglass.com\/es\/wp-json\/wp\/v2\/product_brand?post=4087"},{"taxonomy":"product_cat","embeddable":true,"href":"https:\/\/www.maidaoglass.com\/es\/wp-json\/wp\/v2\/product_cat?post=4087"},{"taxonomy":"product_tag","embeddable":true,"href":"https:\/\/www.maidaoglass.com\/es\/wp-json\/wp\/v2\/product_tag?post=4087"}],"curies":[{"name":"wp","href":"https:\/\/api.w.org\/{rel}","templated":true}]}}