{"id":4128,"date":"2021-11-30T11:20:42","date_gmt":"2021-11-30T11:20:42","guid":{"rendered":"https:\/\/www.maidaoglass.com\/?post_type=product&#038;p=4128"},"modified":"2021-11-30T11:24:30","modified_gmt":"2021-11-30T11:24:30","slug":"frasco-de-aceite-esencial-de-vidrio-con-gotero-dorado","status":"publish","type":"product","link":"https:\/\/www.maidaoglass.com\/es\/vidrio\/frasco-de-aceite-esencial-de-vidrio-con-gotero-dorado\/","title":{"rendered":"Botella de cristal para aceite esencial con gotero dorado"},"content":{"rendered":"<p>Botella de cristal para aceites esenciales con cuentagotas dorado con un acabado de cuello est\u00e1ndar GPI viene envasada<\/p>\n<p>Con un hombro y una base redondeados cl\u00e1sicos, este envase es un veh\u00edculo ideal para productos de cuidado personal como aceites esenciales, f\u00f3rmulas para el cuidado de la piel y productos farmac\u00e9uticos.<\/p>\n<p>El vidrio ofrece una excelente resistencia, peso y compatibilidad para materiales que no pueden envasarse en recipientes de pl\u00e1stico.<\/p>\n<p>Los tapones cuentagotas a prueba de ni\u00f1os tienen un dispositivo de bloqueo que impide que los ni\u00f1os accedan al contenido potencialmente nocivo del envase. Las marcas de graduaci\u00f3n del cuentagotas permiten una dosificaci\u00f3n precisa.<\/p>\n<table width=\"0\">\n<tbody>\n<tr>\n<td>Capacidad<\/p>\n<p>&nbsp;<\/td>\n<td>5ml, 10ml, 15ml, 20, 30ml, 50ml, 100ml<\/td>\n<\/tr>\n<tr>\n<td>Estilo botella<\/td>\n<td>Forma redonda<\/td>\n<\/tr>\n<tr>\n<td>Color<\/td>\n<td>\u00c1mbar<\/td>\n<\/tr>\n<tr>\n<td>Material<\/td>\n<td>Vidrio Flint<\/td>\n<\/tr>\n<tr>\n<td>Aprobado por la FDA<\/td>\n<td>S\u00ed<\/td>\n<\/tr>\n<tr>\n<td>Estilo gorra<\/td>\n<td>Cuentagotas<\/td>\n<\/tr>\n<\/tbody>\n<\/table>","protected":false},"excerpt":{"rendered":"<p>Gotero de oro, a prueba de ni\u00f1os<br \/>\nAmplio espacio de etiquetado para la marca<br \/>\nIdeal para dispensar aceites esenciales, productos para el cuidado de la piel, productos farmac\u00e9uticos, etc.<\/p>","protected":false},"featured_media":4130,"comment_status":"open","ping_status":"closed","template":"","meta":{"_seopress_robots_primary_cat":"none","_seopress_titles_title":"Glass Essiential Oil Bottle With Golden Dropper - Maidao Glass","_seopress_titles_desc":"Glass Essiential Oil Bottle With Golden Dropper With Bamboo Dropper With a classic rounded shoulder and base, this container is an ideal vehicle for personal care products such as essential oils, skincare formulations and pharmaceutical products. ","_seopress_robots_index":""},"product_brand":[],"product_cat":[51],"product_tag":[],"class_list":{"0":"post-4128","1":"product","2":"type-product","3":"status-publish","4":"has-post-thumbnail","6":"product_cat-glass-dropper-bottles","8":"first","9":"instock","10":"shipping-taxable","11":"product-type-simple"},"_links":{"self":[{"href":"https:\/\/www.maidaoglass.com\/es\/wp-json\/wp\/v2\/product\/4128","targetHints":{"allow":["GET"]}}],"collection":[{"href":"https:\/\/www.maidaoglass.com\/es\/wp-json\/wp\/v2\/product"}],"about":[{"href":"https:\/\/www.maidaoglass.com\/es\/wp-json\/wp\/v2\/types\/product"}],"replies":[{"embeddable":true,"href":"https:\/\/www.maidaoglass.com\/es\/wp-json\/wp\/v2\/comments?post=4128"}],"version-history":[{"count":0,"href":"https:\/\/www.maidaoglass.com\/es\/wp-json\/wp\/v2\/product\/4128\/revisions"}],"wp:featuredmedia":[{"embeddable":true,"href":"https:\/\/www.maidaoglass.com\/es\/wp-json\/wp\/v2\/media\/4130"}],"wp:attachment":[{"href":"https:\/\/www.maidaoglass.com\/es\/wp-json\/wp\/v2\/media?parent=4128"}],"wp:term":[{"taxonomy":"product_brand","embeddable":true,"href":"https:\/\/www.maidaoglass.com\/es\/wp-json\/wp\/v2\/product_brand?post=4128"},{"taxonomy":"product_cat","embeddable":true,"href":"https:\/\/www.maidaoglass.com\/es\/wp-json\/wp\/v2\/product_cat?post=4128"},{"taxonomy":"product_tag","embeddable":true,"href":"https:\/\/www.maidaoglass.com\/es\/wp-json\/wp\/v2\/product_tag?post=4128"}],"curies":[{"name":"wp","href":"https:\/\/api.w.org\/{rel}","templated":true}]}}