{"id":4201,"date":"2021-11-30T14:53:18","date_gmt":"2021-11-30T14:53:18","guid":{"rendered":"https:\/\/www.maidaoglass.com\/?post_type=product&#038;p=4201"},"modified":"2021-11-30T14:54:26","modified_gmt":"2021-11-30T14:54:26","slug":"botella-de-jabon-liquido-de-450-ml","status":"publish","type":"product","link":"https:\/\/www.maidaoglass.com\/es\/vidrio\/botella-de-jabon-liquido-de-450-ml\/","title":{"rendered":"Botella de jab\u00f3n l\u00edquido de 450 ml"},"content":{"rendered":"<p>Botella de jab\u00f3n l\u00edquido de 450 ml, perfecta para usar en el ba\u00f1o principal o de invitados, el tocador, la encimera de la cocina o en el fregadero de la lavander\u00eda para tener el jab\u00f3n y la loci\u00f3n siempre a mano: Ideal para casas, dormitorios, apartamentos, condominios, veh\u00edculos recreativos y campistas<\/p>\n<table width=\"0\">\n<tbody>\n<tr>\n<td>Capacidad<\/td>\n<td>450 ml<\/td>\n<\/tr>\n<tr>\n<td>Estilo botella<\/td>\n<td>Forma redonda<\/td>\n<\/tr>\n<tr>\n<td>Color<\/td>\n<td>Claro<\/td>\n<\/tr>\n<tr>\n<td>Material<\/td>\n<td>Vidrio Flint<\/td>\n<\/tr>\n<tr>\n<td>Aprobado por la FDA<\/td>\n<td>S\u00ed<\/td>\n<\/tr>\n<tr>\n<td>Estilo gorra<\/td>\n<td>Bomba<\/td>\n<\/tr>\n<\/tbody>\n<\/table>","protected":false},"excerpt":{"rendered":"<p>Estilo de moda<br \/>\nMaterial de vidrio de alta calidad<br \/>\nEcol\u00f3gico<br \/>\nDise\u00f1o elegante<\/p>","protected":false},"featured_media":4202,"comment_status":"open","ping_status":"closed","template":"","meta":{"_seopress_robots_primary_cat":"none","_seopress_titles_title":"450ml Liquid Soap Bottle - Maidao Glass","_seopress_titles_desc":"450ml Liquid Soap Bottle, Perfect for use in a main or guest bathroom, powder room, kitchen countertop or at a laundry.","_seopress_robots_index":""},"product_brand":[],"product_cat":[55],"product_tag":[],"class_list":{"0":"post-4201","1":"product","2":"type-product","3":"status-publish","4":"has-post-thumbnail","6":"product_cat-liquid-soap-bottle","8":"first","9":"instock","10":"shipping-taxable","11":"product-type-simple"},"_links":{"self":[{"href":"https:\/\/www.maidaoglass.com\/es\/wp-json\/wp\/v2\/product\/4201","targetHints":{"allow":["GET"]}}],"collection":[{"href":"https:\/\/www.maidaoglass.com\/es\/wp-json\/wp\/v2\/product"}],"about":[{"href":"https:\/\/www.maidaoglass.com\/es\/wp-json\/wp\/v2\/types\/product"}],"replies":[{"embeddable":true,"href":"https:\/\/www.maidaoglass.com\/es\/wp-json\/wp\/v2\/comments?post=4201"}],"version-history":[{"count":0,"href":"https:\/\/www.maidaoglass.com\/es\/wp-json\/wp\/v2\/product\/4201\/revisions"}],"wp:featuredmedia":[{"embeddable":true,"href":"https:\/\/www.maidaoglass.com\/es\/wp-json\/wp\/v2\/media\/4202"}],"wp:attachment":[{"href":"https:\/\/www.maidaoglass.com\/es\/wp-json\/wp\/v2\/media?parent=4201"}],"wp:term":[{"taxonomy":"product_brand","embeddable":true,"href":"https:\/\/www.maidaoglass.com\/es\/wp-json\/wp\/v2\/product_brand?post=4201"},{"taxonomy":"product_cat","embeddable":true,"href":"https:\/\/www.maidaoglass.com\/es\/wp-json\/wp\/v2\/product_cat?post=4201"},{"taxonomy":"product_tag","embeddable":true,"href":"https:\/\/www.maidaoglass.com\/es\/wp-json\/wp\/v2\/product_tag?post=4201"}],"curies":[{"name":"wp","href":"https:\/\/api.w.org\/{rel}","templated":true}]}}