{"id":4251,"date":"2021-12-01T03:54:18","date_gmt":"2021-12-01T03:54:18","guid":{"rendered":"https:\/\/www.maidaoglass.com\/?post_type=product&#038;p=4251"},"modified":"2021-12-01T03:55:55","modified_gmt":"2021-12-01T03:55:55","slug":"tarros-de-cristal-galvanizado-para-velas","status":"publish","type":"product","link":"https:\/\/www.maidaoglass.com\/es\/vidrio\/tarros-de-cristal-galvanizado-para-velas\/","title":{"rendered":"Tarros de cristal galvanizado para velas"},"content":{"rendered":"<p>Tarros de cristal galvanoplastia para velas, La gruesa tapa de cristal tiene una base con una hermosa textura que atrae la luz de las velas. Levantada y texturizada para aumentar la tentaci\u00f3n de esta belleza de mercurio. Llenos de velas o velas l\u00e1grima, el efecto es asombroso. Utiliza una de ellas o m\u00e9zclalas y comb\u00ednalas para crear tu look perfecto.<\/p>\n<table width=\"0\">\n<tbody>\n<tr>\n<td>Capacidad<\/td>\n<td><\/td>\n<\/tr>\n<tr>\n<td>Estilo botella<\/td>\n<td>Forma redonda<\/td>\n<\/tr>\n<tr>\n<td>Color<\/td>\n<td>Transparente, Color personalizado<\/td>\n<\/tr>\n<tr>\n<td>Material<\/td>\n<td>Vidrio Flint<\/td>\n<\/tr>\n<tr>\n<td>Aprobado por la FDA<\/td>\n<td>S\u00ed<\/td>\n<\/tr>\n<tr>\n<td>Estilo gorra<\/td>\n<td>Metal, bamb\u00fa<\/td>\n<\/tr>\n<\/tbody>\n<\/table>","protected":false},"excerpt":{"rendered":"<p>Tarros Portavelas de Cristal - Toque de belleza: Este \u00fanico votivas de vidrio a granel funciona muy bien como un centro de mesa decorativo para su uso diario decoraci\u00f3n del hogar, fiesta o decoraci\u00f3n de la boda, y la configuraci\u00f3n de ba\u00f1o, crear un ambiente relajante y acogedor.<\/p>","protected":false},"featured_media":4252,"comment_status":"open","ping_status":"closed","template":"","meta":{"_seopress_robots_primary_cat":"none","_seopress_titles_title":"Electroplated Glass Candle Jars - Maidao Glass","_seopress_titles_desc":"Electroplated Glass Candle Jars, The thick glass cover has a beautifully textured base that attracts candle lights. Raised and textured to increase the temptation of this mercury beauty. Filled with candles or teardrop candles, the effect is amazing. Use one of them or mix and match to create your perfect look.","_seopress_robots_index":""},"product_brand":[],"product_cat":[52],"product_tag":[],"class_list":{"0":"post-4251","1":"product","2":"type-product","3":"status-publish","4":"has-post-thumbnail","6":"product_cat-glass-candle-jars","8":"first","9":"instock","10":"shipping-taxable","11":"product-type-simple"},"_links":{"self":[{"href":"https:\/\/www.maidaoglass.com\/es\/wp-json\/wp\/v2\/product\/4251","targetHints":{"allow":["GET"]}}],"collection":[{"href":"https:\/\/www.maidaoglass.com\/es\/wp-json\/wp\/v2\/product"}],"about":[{"href":"https:\/\/www.maidaoglass.com\/es\/wp-json\/wp\/v2\/types\/product"}],"replies":[{"embeddable":true,"href":"https:\/\/www.maidaoglass.com\/es\/wp-json\/wp\/v2\/comments?post=4251"}],"version-history":[{"count":0,"href":"https:\/\/www.maidaoglass.com\/es\/wp-json\/wp\/v2\/product\/4251\/revisions"}],"wp:featuredmedia":[{"embeddable":true,"href":"https:\/\/www.maidaoglass.com\/es\/wp-json\/wp\/v2\/media\/4252"}],"wp:attachment":[{"href":"https:\/\/www.maidaoglass.com\/es\/wp-json\/wp\/v2\/media?parent=4251"}],"wp:term":[{"taxonomy":"product_brand","embeddable":true,"href":"https:\/\/www.maidaoglass.com\/es\/wp-json\/wp\/v2\/product_brand?post=4251"},{"taxonomy":"product_cat","embeddable":true,"href":"https:\/\/www.maidaoglass.com\/es\/wp-json\/wp\/v2\/product_cat?post=4251"},{"taxonomy":"product_tag","embeddable":true,"href":"https:\/\/www.maidaoglass.com\/es\/wp-json\/wp\/v2\/product_tag?post=4251"}],"curies":[{"name":"wp","href":"https:\/\/api.w.org\/{rel}","templated":true}]}}