{"id":4688,"date":"2025-05-21T15:31:09","date_gmt":"2025-05-21T15:31:09","guid":{"rendered":"https:\/\/www.maidaoglass.com\/?post_type=product&#038;p=4688"},"modified":"2025-05-21T15:31:09","modified_gmt":"2025-05-21T15:31:09","slug":"botellas-de-leche-de-cristal-de-medio-galon","status":"publish","type":"product","link":"https:\/\/www.maidaoglass.com\/es\/vidrio\/botellas-de-leche-de-cristal-de-medio-galon\/","title":{"rendered":"Botellas de leche de cristal de medio gal\u00f3n"},"content":{"rendered":"<p>Actualiza tus utensilios de cocina con un toque de nostalgia. Estas botellas de leche son un gui\u00f1o nost\u00e1lgico al pasado con un toque moderno y reutilizable. Fabricadas en vidrio sin plomo, estas botellas de vidrio grueso tienen una capacidad generosa de 64 oz, por si tienes mucha sed de tu bebida favorita, desde cremosas leches de frutos secos hasta agua alcalina o zumos \u00e1cidos de naranja o tomate. Los tapones herm\u00e9ticos y el pr\u00e1ctico vertedor evitan que se ensucie, mientras que el dise\u00f1o cl\u00e1sico a\u00f1ade un toque de encanto vintage a su cocina. Un estilo que recuerda los viejos tiempos, sorbo a sorbo Capacidad: 64 oz \/ medio gal\u00f3n<br \/>\nVidrio sin plomo<br \/>\n100% Reciclable, vidrio extra grueso para mayor durabilidad<br \/>\nSin BPS, BPA, ftalatos ni PVC<br \/>\nApto para lavavajillas y frigor\u00edfico<br \/>\nSe recomienda lavar antes del primer uso<br \/>\nCantidad: 6000 unidades<\/p>","protected":false},"excerpt":{"rendered":"<p>Vidrio sin plomo<br \/>\n100% Reciclable, vidrio extra grueso para mayor durabilidad<br \/>\nSin BPS, BPA, ftalatos ni PVC<br \/>\nApto para lavavajillas y frigor\u00edfico<br \/>\nSe recomienda lavar antes del primer uso<\/p>","protected":false},"featured_media":5896,"comment_status":"open","ping_status":"closed","template":"","meta":{"_seopress_robots_primary_cat":"","_seopress_titles_title":"Half Gallon Glass Milk Bottles - Maidao Glass","_seopress_titles_desc":"Half gallon glass milk bottles wholesale, factory, moq: 6000pcs, free quote, please contact us feel free.","_seopress_robots_index":""},"product_brand":[],"product_cat":[22],"product_tag":[],"class_list":{"0":"post-4688","1":"product","2":"type-product","3":"status-publish","4":"has-post-thumbnail","6":"product_cat-glass-milk-bottles","8":"first","9":"instock","10":"shipping-taxable","11":"product-type-simple"},"_links":{"self":[{"href":"https:\/\/www.maidaoglass.com\/es\/wp-json\/wp\/v2\/product\/4688","targetHints":{"allow":["GET"]}}],"collection":[{"href":"https:\/\/www.maidaoglass.com\/es\/wp-json\/wp\/v2\/product"}],"about":[{"href":"https:\/\/www.maidaoglass.com\/es\/wp-json\/wp\/v2\/types\/product"}],"replies":[{"embeddable":true,"href":"https:\/\/www.maidaoglass.com\/es\/wp-json\/wp\/v2\/comments?post=4688"}],"version-history":[{"count":1,"href":"https:\/\/www.maidaoglass.com\/es\/wp-json\/wp\/v2\/product\/4688\/revisions"}],"predecessor-version":[{"id":5900,"href":"https:\/\/www.maidaoglass.com\/es\/wp-json\/wp\/v2\/product\/4688\/revisions\/5900"}],"wp:featuredmedia":[{"embeddable":true,"href":"https:\/\/www.maidaoglass.com\/es\/wp-json\/wp\/v2\/media\/5896"}],"wp:attachment":[{"href":"https:\/\/www.maidaoglass.com\/es\/wp-json\/wp\/v2\/media?parent=4688"}],"wp:term":[{"taxonomy":"product_brand","embeddable":true,"href":"https:\/\/www.maidaoglass.com\/es\/wp-json\/wp\/v2\/product_brand?post=4688"},{"taxonomy":"product_cat","embeddable":true,"href":"https:\/\/www.maidaoglass.com\/es\/wp-json\/wp\/v2\/product_cat?post=4688"},{"taxonomy":"product_tag","embeddable":true,"href":"https:\/\/www.maidaoglass.com\/es\/wp-json\/wp\/v2\/product_tag?post=4688"}],"curies":[{"name":"wp","href":"https:\/\/api.w.org\/{rel}","templated":true}]}}