{"id":478,"date":"2021-02-21T10:03:44","date_gmt":"2021-02-21T10:03:44","guid":{"rendered":"https:\/\/www.maidaoglass.com\/product\/import-placeholder-for-1699\/"},"modified":"2021-11-21T12:43:17","modified_gmt":"2021-11-21T12:43:17","slug":"botella-de-vidrio-de-boca-ancha","status":"publish","type":"product","link":"https:\/\/www.maidaoglass.com\/es\/vidrio\/botella-de-vidrio-de-boca-ancha\/","title":{"rendered":"Botella de vidrio de boca ancha"},"content":{"rendered":"<p>Gran capacidad, f\u00e1cil de sujetar, Cristal resistente y seguro, El dise\u00f1o vertical permite acceder f\u00e1cilmente a una gran variedad de serigraf\u00edas y etiquetados.<\/p>\n<p>Disponible con agujero y sin agujero tapa, adecuado para el t\u00e9 con leche tienda personalizada.<\/p>\n<p>&nbsp;<\/p>\n<table width=\"0\">\n<tbody>\n<tr>\n<td>Capacidad<\/td>\n<td>500 ml<\/td>\n<\/tr>\n<tr>\n<td>Estilo botella<\/td>\n<td>Forma redonda<\/td>\n<\/tr>\n<tr>\n<td>Color<\/td>\n<td>Claro<\/td>\n<\/tr>\n<tr>\n<td>Material<\/td>\n<td>Vidrio Flint<\/td>\n<\/tr>\n<tr>\n<td>Aprobado por la FDA<\/td>\n<td>S\u00ed<\/td>\n<\/tr>\n<tr>\n<td>Estilo gorra<\/td>\n<td>Tapa de aluminio<\/td>\n<\/tr>\n<tr>\n<td>Talla<\/td>\n<td>Altura:14cm, Di\u00e1metro:8cm<\/td>\n<\/tr>\n<\/tbody>\n<\/table>","protected":false},"excerpt":{"rendered":"<p>Gran capacidad, f\u00e1cil de sujetar<br \/>\nCristal resistente y seguro<br \/>\nEl dise\u00f1o vertical permite acceder f\u00e1cilmente a una gran variedad de serigraf\u00edas y etiquetados<\/p>","protected":false},"featured_media":508,"comment_status":"open","ping_status":"closed","template":"","meta":{"_seopress_robots_primary_cat":"none","_seopress_titles_title":"Wide Mouth Fat Glass Bottle - Maidao Glass","_seopress_titles_desc":"Large capacity, easy to hold, Sturdy, safe glass, Vertical design allows easy access to a variety of screen printing and labeling.","_seopress_robots_index":""},"product_brand":[],"product_cat":[44],"product_tag":[],"class_list":{"0":"post-478","1":"product","2":"type-product","3":"status-publish","4":"has-post-thumbnail","6":"product_cat-glass-juice-bottles","8":"first","9":"instock","10":"shipping-taxable","11":"product-type-simple"},"_links":{"self":[{"href":"https:\/\/www.maidaoglass.com\/es\/wp-json\/wp\/v2\/product\/478","targetHints":{"allow":["GET"]}}],"collection":[{"href":"https:\/\/www.maidaoglass.com\/es\/wp-json\/wp\/v2\/product"}],"about":[{"href":"https:\/\/www.maidaoglass.com\/es\/wp-json\/wp\/v2\/types\/product"}],"replies":[{"embeddable":true,"href":"https:\/\/www.maidaoglass.com\/es\/wp-json\/wp\/v2\/comments?post=478"}],"version-history":[{"count":1,"href":"https:\/\/www.maidaoglass.com\/es\/wp-json\/wp\/v2\/product\/478\/revisions"}],"predecessor-version":[{"id":3863,"href":"https:\/\/www.maidaoglass.com\/es\/wp-json\/wp\/v2\/product\/478\/revisions\/3863"}],"wp:featuredmedia":[{"embeddable":true,"href":"https:\/\/www.maidaoglass.com\/es\/wp-json\/wp\/v2\/media\/508"}],"wp:attachment":[{"href":"https:\/\/www.maidaoglass.com\/es\/wp-json\/wp\/v2\/media?parent=478"}],"wp:term":[{"taxonomy":"product_brand","embeddable":true,"href":"https:\/\/www.maidaoglass.com\/es\/wp-json\/wp\/v2\/product_brand?post=478"},{"taxonomy":"product_cat","embeddable":true,"href":"https:\/\/www.maidaoglass.com\/es\/wp-json\/wp\/v2\/product_cat?post=478"},{"taxonomy":"product_tag","embeddable":true,"href":"https:\/\/www.maidaoglass.com\/es\/wp-json\/wp\/v2\/product_tag?post=478"}],"curies":[{"name":"wp","href":"https:\/\/api.w.org\/{rel}","templated":true}]}}