{"id":5929,"date":"2025-06-27T08:24:29","date_gmt":"2025-06-27T08:24:29","guid":{"rendered":"https:\/\/www.maidaoglass.com\/?post_type=product&#038;p=5929"},"modified":"2025-06-27T08:33:31","modified_gmt":"2025-06-27T08:33:31","slug":"tarros-de-cristal-de-1-galon-al-por-mayor","status":"publish","type":"product","link":"https:\/\/www.maidaoglass.com\/es\/vidrio\/tarros-de-cristal-de-1-galon-al-por-mayor\/","title":{"rendered":"Tarros de vidrio de 1 gal\u00f3n al por mayor"},"content":{"rendered":"<ul>\n<li>Boca ancha para facilitar el vertido y el llenado.<\/li>\n<li>Conforme a la FDA.<\/li>\n<li>Embalaje: 441pcs\/palet, 9261pcs \/ 40'hc<\/li>\n<li>Peso: alrededor de 1200 g por botella<\/li>\n<li>Tapas de hojalata y pl\u00e1stico disponibles<\/li>\n<li>Acabado del m\u00e1stil: 110-400<\/li>\n<\/ul>","protected":false},"excerpt":{"rendered":"<p>Estos tarros de cristal de gal\u00f3n con tapa boca ancha tienen una abertura de 4-1\/3\u2033 (110 mm) de di\u00e1metro.<br \/>\nUtilice su tarro de 1 gal\u00f3n como tarro de cristal para conservas con tapa.<br \/>\nUn tarro de alba\u00f1il de un gal\u00f3n es ideal como tarro de encurtidos de un gal\u00f3n. Estos son grandes tarros de alba\u00f1il de boca ancha 128 oz<br \/>\nEste tarro de alba\u00f1il extra grande es perfecto para utilizarlo como tarro de fermentaci\u00f3n.<br \/>\nEste tarro de cristal de un gal\u00f3n con tapa es perfecto para utilizarlo como tarro de kimchi.<br \/>\nTapas de hojalata y pl\u00e1stico disponibles<\/p>","protected":false},"featured_media":5932,"comment_status":"open","ping_status":"closed","template":"","meta":{"_seopress_robots_primary_cat":"none","_seopress_titles_title":"1 Gallon Glass Jars Wholesale - Maidao Glass","_seopress_titles_desc":"1 Gallon Glass Jars Wholesale, Direct from the factory, extremely shocking prices.","_seopress_robots_index":""},"product_brand":[],"product_cat":[35],"product_tag":[],"class_list":{"0":"post-5929","1":"product","2":"type-product","3":"status-publish","4":"has-post-thumbnail","6":"product_cat-glass-storage-jars","8":"first","9":"instock","10":"shipping-taxable","11":"product-type-simple"},"_links":{"self":[{"href":"https:\/\/www.maidaoglass.com\/es\/wp-json\/wp\/v2\/product\/5929","targetHints":{"allow":["GET"]}}],"collection":[{"href":"https:\/\/www.maidaoglass.com\/es\/wp-json\/wp\/v2\/product"}],"about":[{"href":"https:\/\/www.maidaoglass.com\/es\/wp-json\/wp\/v2\/types\/product"}],"replies":[{"embeddable":true,"href":"https:\/\/www.maidaoglass.com\/es\/wp-json\/wp\/v2\/comments?post=5929"}],"version-history":[{"count":4,"href":"https:\/\/www.maidaoglass.com\/es\/wp-json\/wp\/v2\/product\/5929\/revisions"}],"predecessor-version":[{"id":5937,"href":"https:\/\/www.maidaoglass.com\/es\/wp-json\/wp\/v2\/product\/5929\/revisions\/5937"}],"wp:featuredmedia":[{"embeddable":true,"href":"https:\/\/www.maidaoglass.com\/es\/wp-json\/wp\/v2\/media\/5932"}],"wp:attachment":[{"href":"https:\/\/www.maidaoglass.com\/es\/wp-json\/wp\/v2\/media?parent=5929"}],"wp:term":[{"taxonomy":"product_brand","embeddable":true,"href":"https:\/\/www.maidaoglass.com\/es\/wp-json\/wp\/v2\/product_brand?post=5929"},{"taxonomy":"product_cat","embeddable":true,"href":"https:\/\/www.maidaoglass.com\/es\/wp-json\/wp\/v2\/product_cat?post=5929"},{"taxonomy":"product_tag","embeddable":true,"href":"https:\/\/www.maidaoglass.com\/es\/wp-json\/wp\/v2\/product_tag?post=5929"}],"curies":[{"name":"wp","href":"https:\/\/api.w.org\/{rel}","templated":true}]}}